{"id":1289,"date":"2018-01-08T19:26:42","date_gmt":"2018-01-08T18:26:42","guid":{"rendered":"http:\/\/asvschrems.com\/soccer\/?page_id=1289"},"modified":"2025-06-29T07:25:40","modified_gmt":"2025-06-29T05:25:40","slug":"kunstrasen","status":"publish","type":"page","link":"https:\/\/www.asvschrems.com\/fussball\/kunstrasen\/","title":{"rendered":"Kunstrasen"},"content":{"rendered":"<div class=\"wpb-content-wrapper\"><p>[vc_row][vc_column][vc_text_separator title=&#8220;Ernest Gabmann-Kunstrasenplatz Schrems&#8220;][\/vc_column][\/vc_row][vc_row][vc_column width=&#8220;1\/3&#8243;][vc_column_text]<\/p>\n<h4 style=\"text-align: center;\">Platzreservierungen und Ausk\u00fcnfte unter <a href=\"mailto:kunstrasen@asvschrems.com\">kunstrasen@asvschrems.com<\/a> oder 06648476010<\/h4>\n<p>[\/vc_column_text][\/vc_column][vc_column width=&#8220;1\/3&#8243;][vc_btn title=&#8220;Buchungskalender&#8220; color=&#8220;danger&#8220; align=&#8220;center&#8220; i_icon_fontawesome=&#8220;fa fa-futbol-o&#8220; add_icon=&#8220;true&#8220; link=&#8220;url:https%3A%2F%2Fwww.google.com%2Fcalendar%2Fembed%3Fsrc%3Dtttvhcd8vmlgun5vll0jjagvbo%2540group.calendar.google.com%26ctz%3DEurope%252FVienna|title:Buchungskalender|target:%20_blank|&#8220;][\/vc_column][vc_column width=&#8220;1\/3&#8243;][vc_single_image image=&#8220;1292&#8243; img_size=&#8220;medium&#8220; alignment=&#8220;center&#8220;][\/vc_column][\/vc_row][vc_row][vc_column][vc_tta_accordion shape=&#8220;square&#8220; c_align=&#8220;center&#8220; active_section=&#8220;98498749498&#8243;][vc_tta_section title=&#8220;Allgemeine Informationen&#8220; tab_id=&#8220;1518551980480-7c903973-85dc&#8220;][vc_column_text]Der Ernest Gabmann-Kunstrasenplatz Schrems steht allen regionalen Vereinen zur Verf\u00fcgung.<br \/>\nZur Schonung des Platzes sind <strong>nur<\/strong> Noppenfu\u00dfballschuhe erlaubt. Spiel- und Trainingsutensilien (wie B\u00e4lle etc.) k\u00f6nnen seitens des Vereines\u00a0<strong>nicht<\/strong> zur Verf\u00fcgung gestellt werden.<\/p>\n<p>Gr\u00f6\u00dfe: 100m x 64m<br \/>\nFlutlichtanlage[\/vc_column_text][\/vc_tta_section][vc_tta_section title=&#8220;Wann kann der Platz gen\u00fctzt werden?&#8220; tab_id=&#8220;1518551980532-a0c7a276-350a&#8220;][vc_column_text]Mo &#8211; Fr von 14.00 Uhr bis 22.00 Uhr<br \/>\nSa, So und Feiertage von 08.00 Uhr bis 22.00 Uhr<\/p>\n<p>Derzeit sind nur maximal drei fixe Terminvorreservierungen m\u00f6glich.[\/vc_column_text][\/vc_tta_section][vc_tta_section title=&#8220;Unkostenbeitrag&#8220; tab_id=&#8220;1518552218182-566d1f27-789d&#8220;][vc_column_text]Mo &#8211; Do:\u00a0 \u00a0 \u00a0 \u00a0 \u00a0 \u00a0 \u00a0 \u00a0 \u00a0 \u00a0 \u00a0 \u00a0 \u00a0 \u00a0\u20ac 65,- je angefangene Stunde<br \/>\nFr &#8211; So und Feiertage:\u00a0 \u00a0 \u20ac 75,- je angefangene Stunde<\/p>\n<p>f\u00fcr Kunstrasenplatz- und Umkleidekabinenbenutzung etc.[\/vc_column_text][\/vc_tta_section][vc_tta_section title=&#8220;Bankverbindung&#8220; tab_id=&#8220;1518552243589-7e44dc03-874e&#8220;][vc_column_text]Konto lautend auf: VRK Schrems<\/p>\n<p>IBAN: AT644360000005016068<br \/>\nBIC: WVOHAT21XXX (Waldviertler Volksbank Horn)[\/vc_column_text][\/vc_tta_section][vc_tta_section title=&#8220;Stornierungsbestimmungen&#8220; tab_id=&#8220;1518552260174-e8ec52b6-c75a&#8220;][vc_column_text]Bei Terminstornierungen bis einschlie\u00dflich 10 Tage vor dem Reservierungstermin sind 50 % des Unkostenbeitrages zu bezahlen. F\u00fcr Terminstornierungen nach dieser Frist ist der volle Unkostenbeitrag zu entrichten. Diese Kosten sind unaufgefordert auf das oben angef\u00fchrte Konto einzuzahlen. Bei S\u00e4umigkeit sind weitere Terminreservierungen erst zul\u00e4ssig, wenn der Betrag auf dem Konto eingelangt ist. Barzahlungen sind hier nicht m\u00f6glich.<br \/>\nGgstl. Stornierungsbestimmungen gelten nicht, wenn ein Ersatzverein namhaft gemacht wird und dieser Verein den Kunstrasenplatz zu diesen Zeiten auch tats\u00e4chlich ben\u00fctzt.<\/p>\n<p><strong>Anmerkung:<\/strong><br \/>\nDie Stornierungsbestimmungen mussten neu aufgenommen werden, weil in der Vergangenheit Vereine wiederholt kurzfristig fix vereinbarte Termine absagten. Der Kunstrasenplatzerhalter konnte aber anderen Vereinen zu bereits reservierten Zeiten den Kunstrasenplatz nicht zur Verf\u00fcgung stellen und \u00fcberdies musste stets ein Betreuungspersonal (R\u00e4umung und Instandhaltung des Platzes; ordnungsgem\u00e4\u00dfe \u00dcbergabe-, \u00dcbernahme des Platzes; Reinigung der Umkleidekabinen etc.) eingeteilt werden.[\/vc_column_text][\/vc_tta_section][vc_tta_section title=&#8220;Verantwortlich f\u00fcr den Verein reg. Kunstrasenplatz Schrems&#8220; tab_id=&#8220;1518552474265-0100ab3d-cc9d&#8220;][vc_column_text]Obmann Edmund M\u00fcller<br \/>\nHandynummer 0676 89958278, Email:\u00a0<a target=\"_blank\" rel=\"noopener\" data-deliveryid=\"4|1095827202278475014_1\">edmund.mueller@asvschrems.com<\/a><\/p>\n<p>Reservierungsverantwortlicher Thomas Burger<br \/>\nHandynummer 0664 8476010, Email:\u00a0<a target=\"_blank\" rel=\"noopener\" data-deliveryid=\"4|1095827391257036118_1\">thomas.burger@asvschrems.com<\/a><\/p>\n<p>kunstrasen@asvschrems.com[\/vc_column_text][\/vc_tta_section][\/vc_tta_accordion][\/vc_column][\/vc_row][vc_row][vc_column][vc_text_separator title=&#8220;Hauptsponsoren&#8220; css=&#8220;&#8220;][vc_column_text css=&#8220;&#8220;]\t\t\r\n\t\t\r\n\t\t<style>\t\r\n\t\t\t\t\t\t\t#lswssp-logo-carousel-1 .lswssp-logo-img-wrap{min-height:100px}\r\n\t\t\t\t\t\t\t#lswssp-logo-carousel-1 .lswssp-logo-img-wrap .lswssp-logo-img{max-height:150px}\r\n\t\t\t\t\t<\/style>\r\n\r\n\t\t<div class=\"lswssp-wrap lswssp-logo-showcase lswssp-logo-carousel-wrap lswssp-post-data-wrap lswssp-design-1 \">\r\n\t<div class=\"lswssp-logo-carousel lswssp-logo-carousel-inr-wrap lswssp-post-data-inr-wrap lswssp-tooltip-conf lswssp-clearfix\" id=\"lswssp-logo-carousel-1\" data-conf=\"{&quot;id&quot;:&quot;4587&quot;,&quot;css_class&quot;:&quot;&quot;,&quot;display_type&quot;:&quot;slider&quot;,&quot;images&quot;:[3368,4173,3193,4013],&quot;design&quot;:&quot;design-1&quot;,&quot;show_title&quot;:false,&quot;show_desc&quot;:false,&quot;link_target&quot;:&quot;_blank&quot;,&quot;min_height&quot;:100,&quot;max_height&quot;:150,&quot;slides_show&quot;:4,&quot;slides_scroll&quot;:1,&quot;autoplay&quot;:true,&quot;autoplay_speed&quot;:2000,&quot;speed&quot;:2000,&quot;arrow&quot;:false,&quot;dots&quot;:false,&quot;pause_on_hover&quot;:true,&quot;loop&quot;:true,&quot;centermode&quot;:false,&quot;center_padding&quot;:0,&quot;ipad&quot;:&quot;&quot;,&quot;tablet&quot;:&quot;&quot;,&quot;mobile&quot;:&quot;&quot;,&quot;unique&quot;:1,&quot;count&quot;:0,&quot;slide_to_show&quot;:5,&quot;slide_to_show_ipad&quot;:3,&quot;slide_to_show_tablet&quot;:2,&quot;slide_to_show_mobile&quot;:1}\"><div class=\"lswssp-slide lswssp-post-3368\">\r\n\t<div class=\"lswssp-slide-inner\">\r\n\t\t<div class=\"lswssp-logo-img-wrap\">\r\n\t\t\t\t\t\t\t<a href=\"https:\/\/www.eaton.com\/at\/de-de.html\" class=\"lswssp-logo-img-link\" target=\"_blank\"><img decoding=\"async\" src=\"https:\/\/www.asvschrems.com\/fussball\/wp-content\/uploads\/2017\/09\/Eaton.png\" class=\"lswssp-logo-img\" alt=\"EATON\" \/><\/a>\r\n\t\t\t\t\t<\/div>\r\n\r\n\t\t\t<\/div>\r\n<\/div><div class=\"lswssp-slide lswssp-post-4173\">\r\n\t<div class=\"lswssp-slide-inner\">\r\n\t\t<div class=\"lswssp-logo-img-wrap\">\r\n\t\t\t\t\t\t\t<a href=\"https:\/\/www.elk.at\/\" class=\"lswssp-logo-img-link\" target=\"_blank\"><img decoding=\"async\" src=\"https:\/\/www.asvschrems.com\/fussball\/wp-content\/uploads\/2024\/08\/ELK-Logo-300x600-1.png\" class=\"lswssp-logo-img\" alt=\"ELK Logo 300x600\" \/><\/a>\r\n\t\t\t\t\t<\/div>\r\n\r\n\t\t\t<\/div>\r\n<\/div><div class=\"lswssp-slide lswssp-post-3193\">\r\n\t<div class=\"lswssp-slide-inner\">\r\n\t\t<div class=\"lswssp-logo-img-wrap\">\r\n\t\t\t\t\t\t\t<a href=\"https:\/\/meindl-transport.gemeindeinfo.app\/\" class=\"lswssp-logo-img-link\" target=\"_blank\"><img decoding=\"async\" src=\"https:\/\/www.asvschrems.com\/fussball\/wp-content\/uploads\/2017\/09\/meindl-transport.jpg\" class=\"lswssp-logo-img\" alt=\"Meindl Transporte\" \/><\/a>\r\n\t\t\t\t\t<\/div>\r\n\r\n\t\t\t<\/div>\r\n<\/div><div class=\"lswssp-slide lswssp-post-4013\">\r\n\t<div class=\"lswssp-slide-inner\">\r\n\t\t<div class=\"lswssp-logo-img-wrap\">\r\n\t\t\t\t\t\t\t<a href=\"https:\/\/www.schrems.at\/\" class=\"lswssp-logo-img-link\" target=\"_blank\"><img decoding=\"async\" src=\"https:\/\/www.asvschrems.com\/fussball\/wp-content\/uploads\/2024\/05\/kultstadt-schrems-300x600-1.png\" class=\"lswssp-logo-img\" alt=\"kultstadt schrems 300x600\" \/><\/a>\r\n\t\t\t\t\t<\/div>\r\n\r\n\t\t\t<\/div>\r\n<\/div>\t<\/div>\r\n<\/div>[\/vc_column_text][vc_text_separator title=&#8220;Premiumsponsoren&#8220; css=&#8220;&#8220;][vc_column_text css=&#8220;&#8220;]\t\t\r\n\t\t\r\n\t\t<style>\t\r\n\t\t\t\t\t\t\t#lswssp-logo-carousel-2 .lswssp-logo-img-wrap .lswssp-logo-img{max-height:200px}\r\n\t\t\t\t\t<\/style>\r\n\r\n\t\t<div class=\"lswssp-wrap lswssp-logo-showcase lswssp-logo-carousel-wrap lswssp-post-data-wrap lswssp-design-1  lswssp-center lswssp-default-height\">\r\n\t<div class=\"lswssp-logo-carousel lswssp-logo-carousel-inr-wrap lswssp-post-data-inr-wrap lswssp-tooltip-conf lswssp-clearfix\" id=\"lswssp-logo-carousel-2\" data-conf=\"{&quot;id&quot;:&quot;3940&quot;,&quot;css_class&quot;:&quot; lswssp-center lswssp-default-height&quot;,&quot;display_type&quot;:&quot;slider&quot;,&quot;images&quot;:[3185,3382,4488,4489,3607,955,1801,3518],&quot;design&quot;:&quot;design-1&quot;,&quot;show_title&quot;:false,&quot;show_desc&quot;:false,&quot;link_target&quot;:&quot;_blank&quot;,&quot;min_height&quot;:&quot;&quot;,&quot;max_height&quot;:200,&quot;slides_show&quot;:5,&quot;slides_scroll&quot;:11,&quot;autoplay&quot;:true,&quot;autoplay_speed&quot;:1500,&quot;speed&quot;:900,&quot;arrow&quot;:true,&quot;dots&quot;:true,&quot;pause_on_hover&quot;:true,&quot;loop&quot;:true,&quot;centermode&quot;:true,&quot;center_padding&quot;:50,&quot;ipad&quot;:&quot;&quot;,&quot;tablet&quot;:&quot;&quot;,&quot;mobile&quot;:&quot;&quot;,&quot;unique&quot;:2,&quot;count&quot;:0,&quot;slide_to_show&quot;:5,&quot;slide_to_show_ipad&quot;:3,&quot;slide_to_show_tablet&quot;:2,&quot;slide_to_show_mobile&quot;:1}\"><div class=\"lswssp-slide lswssp-post-3185\">\r\n\t<div class=\"lswssp-slide-inner\">\r\n\t\t<div class=\"lswssp-logo-img-wrap\">\r\n\t\t\t\t\t\t\t<a href=\"https:\/\/www.11teamsports.com\/at-de\/clubshop\/asv-schrems\/\" class=\"lswssp-logo-img-link\" target=\"_blank\"><img decoding=\"async\" src=\"https:\/\/www.asvschrems.com\/fussball\/wp-content\/uploads\/2022\/07\/11teamsports.jpg\" class=\"lswssp-logo-img\" alt=\"11teamsports\" \/><\/a>\r\n\t\t\t\t\t<\/div>\r\n\r\n\t\t\t<\/div>\r\n<\/div><div class=\"lswssp-slide lswssp-post-3382\">\r\n\t<div class=\"lswssp-slide-inner\">\r\n\t\t<div class=\"lswssp-logo-img-wrap\">\r\n\t\t\t\t\t\t\t<a href=\"https:\/\/www.admiral.ag\/filialen\/admiral-filialen\/#!\/l\/schrems\/josef-widy-strasse-17\/2306022\" class=\"lswssp-logo-img-link\" target=\"_blank\"><img decoding=\"async\" src=\"https:\/\/www.asvschrems.com\/fussball\/wp-content\/uploads\/2017\/09\/admiral.png\" class=\"lswssp-logo-img\" alt=\"ADMIRAL\" \/><\/a>\r\n\t\t\t\t\t<\/div>\r\n\r\n\t\t\t<\/div>\r\n<\/div><div class=\"lswssp-slide lswssp-post-4488\">\r\n\t<div class=\"lswssp-slide-inner\">\r\n\t\t<div class=\"lswssp-logo-img-wrap\">\r\n\t\t\t\t\t\t\t<a href=\"https:\/\/www.arktis.at\/\" class=\"lswssp-logo-img-link\" target=\"_blank\"><img decoding=\"async\" src=\"https:\/\/www.asvschrems.com\/fussball\/wp-content\/uploads\/2025\/03\/Arktis.png\" class=\"lswssp-logo-img\" alt=\"Arktis K\u00e4lte &amp; Klimatechnik GmbH\" \/><\/a>\r\n\t\t\t\t\t<\/div>\r\n\r\n\t\t\t<\/div>\r\n<\/div><div class=\"lswssp-slide lswssp-post-4489\">\r\n\t<div class=\"lswssp-slide-inner\">\r\n\t\t<div class=\"lswssp-logo-img-wrap\">\r\n\t\t\t\t\t\t\t<a href=\"https:\/\/www.elektromeindl.at\/\" class=\"lswssp-logo-img-link\" target=\"_blank\"><img decoding=\"async\" src=\"https:\/\/www.asvschrems.com\/fussball\/wp-content\/uploads\/2025\/03\/ElektroMeindl300x600.png\" class=\"lswssp-logo-img\" alt=\"Elektro Meindl\" \/><\/a>\r\n\t\t\t\t\t<\/div>\r\n\r\n\t\t\t<\/div>\r\n<\/div><div class=\"lswssp-slide lswssp-post-3607\">\r\n\t<div class=\"lswssp-slide-inner\">\r\n\t\t<div class=\"lswssp-logo-img-wrap\">\r\n\t\t\t\t\t\t\t<a href=\"http:\/\/www.rabl-druck.at\/\" class=\"lswssp-logo-img-link\" target=\"_blank\"><img decoding=\"async\" src=\"https:\/\/www.asvschrems.com\/fussball\/wp-content\/uploads\/2023\/07\/Rabl-Druck.png\" class=\"lswssp-logo-img\" alt=\"Rabl-Druck\" \/><\/a>\r\n\t\t\t\t\t<\/div>\r\n\r\n\t\t\t<\/div>\r\n<\/div><div class=\"lswssp-slide lswssp-post-955\">\r\n\t<div class=\"lswssp-slide-inner\">\r\n\t\t<div class=\"lswssp-logo-img-wrap\">\r\n\t\t\t\t\t\t\t<a href=\"https:\/\/schremser.at\" class=\"lswssp-logo-img-link\" target=\"_blank\"><img decoding=\"async\" src=\"https:\/\/www.asvschrems.com\/fussball\/wp-content\/uploads\/2017\/09\/Schremser.jpg\" class=\"lswssp-logo-img\" alt=\"Schremser Bier\" \/><\/a>\r\n\t\t\t\t\t<\/div>\r\n\r\n\t\t\t<\/div>\r\n<\/div><div class=\"lswssp-slide lswssp-post-1801\">\r\n\t<div class=\"lswssp-slide-inner\">\r\n\t\t<div class=\"lswssp-logo-img-wrap\">\r\n\t\t\t\t\t\t\t<a href=\"https:\/\/www.ableidinger.at\/\" class=\"lswssp-logo-img-link\" target=\"_blank\"><img decoding=\"async\" src=\"https:\/\/www.asvschrems.com\/fussball\/wp-content\/uploads\/2018\/08\/tischlereiableidinger.jpg\" class=\"lswssp-logo-img\" alt=\"Tischlerei Ableidinger\" \/><\/a>\r\n\t\t\t\t\t<\/div>\r\n\r\n\t\t\t<\/div>\r\n<\/div><div class=\"lswssp-slide lswssp-post-3518\">\r\n\t<div class=\"lswssp-slide-inner\">\r\n\t\t<div class=\"lswssp-logo-img-wrap\">\r\n\t\t\t\t\t\t\t<a href=\"https:\/\/www.sparkasse.at\/waldviertler-sparkasse\/privatkunden\" class=\"lswssp-logo-img-link\" target=\"_blank\"><img decoding=\"async\" src=\"https:\/\/www.asvschrems.com\/fussball\/wp-content\/uploads\/2018\/01\/waldviertler-sparkasse.png\" class=\"lswssp-logo-img\" alt=\"Waldviertler Sparkasse\" \/><\/a>\r\n\t\t\t\t\t<\/div>\r\n\r\n\t\t\t<\/div>\r\n<\/div>\t<\/div>\r\n<\/div>[\/vc_column_text][\/vc_column][\/vc_row]<\/p>\n<\/div>","protected":false},"excerpt":{"rendered":"<p>[vc_row][vc_column][vc_text_separator title=&#8220;Ernest Gabmann-Kunstrasenplatz Schrems&#8220;][\/vc_column][\/vc_row][vc_row][vc_column width=&#8220;1\/3&#8243;][vc_column_text] Platzreservierungen und Ausk\u00fcnfte unter kunstrasen@asvschrems.com oder 06648476010 [\/vc_column_text][\/vc_column][vc_column width=&#8220;1\/3&#8243;][vc_btn title=&#8220;Buchungskalender&#8220; color=&#8220;danger&#8220; align=&#8220;center&#8220; i_icon_fontawesome=&#8220;fa fa-futbol-o&#8220; add_icon=&#8220;true&#8220; link=&#8220;url:https%3A%2F%2Fwww.google.com%2Fcalendar%2Fembed%3Fsrc%3Dtttvhcd8vmlgun5vll0jjagvbo%2540group.calendar.google.com%26ctz%3DEurope%252FVienna|title:Buchungskalender|target:%20_blank|&#8220;][\/vc_column][vc_column width=&#8220;1\/3&#8243;][vc_single_image image=&#8220;1292&#8243; img_size=&#8220;medium&#8220; alignment=&#8220;center&#8220;][\/vc_column][\/vc_row][vc_row][vc_column][vc_tta_accordion shape=&#8220;square&#8220; c_align=&#8220;center&#8220; active_section=&#8220;98498749498&#8243;][vc_tta_section title=&#8220;Allgemeine Informationen&#8220; tab_id=&#8220;1518551980480-7c903973-85dc&#8220;][vc_column_text]Der Ernest Gabmann-Kunstrasenplatz Schrems steht allen regionalen Vereinen zur Verf\u00fcgung. Zur Schonung des Platzes sind nur Noppenfu\u00dfballschuhe erlaubt. Spiel- und Trainingsutensilien (wie B\u00e4lle etc.) k\u00f6nnen&hellip;<\/p>\n","protected":false},"author":1,"featured_media":0,"parent":0,"menu_order":0,"comment_status":"closed","ping_status":"closed","template":"","meta":{"inline_featured_image":false,"footnotes":""},"class_list":["post-1289","page","type-page","status-publish","hentry","description-off"],"_links":{"self":[{"href":"https:\/\/www.asvschrems.com\/fussball\/wp-json\/wp\/v2\/pages\/1289","targetHints":{"allow":["GET"]}}],"collection":[{"href":"https:\/\/www.asvschrems.com\/fussball\/wp-json\/wp\/v2\/pages"}],"about":[{"href":"https:\/\/www.asvschrems.com\/fussball\/wp-json\/wp\/v2\/types\/page"}],"author":[{"embeddable":true,"href":"https:\/\/www.asvschrems.com\/fussball\/wp-json\/wp\/v2\/users\/1"}],"replies":[{"embeddable":true,"href":"https:\/\/www.asvschrems.com\/fussball\/wp-json\/wp\/v2\/comments?post=1289"}],"version-history":[{"count":3,"href":"https:\/\/www.asvschrems.com\/fussball\/wp-json\/wp\/v2\/pages\/1289\/revisions"}],"predecessor-version":[{"id":4615,"href":"https:\/\/www.asvschrems.com\/fussball\/wp-json\/wp\/v2\/pages\/1289\/revisions\/4615"}],"wp:attachment":[{"href":"https:\/\/www.asvschrems.com\/fussball\/wp-json\/wp\/v2\/media?parent=1289"}],"curies":[{"name":"wp","href":"https:\/\/api.w.org\/{rel}","templated":true}]}}