{"id":1310,"date":"2018-01-08T20:55:09","date_gmt":"2018-01-08T19:55:09","guid":{"rendered":"http:\/\/asvschrems.com\/soccer\/?page_id=1310"},"modified":"2025-08-23T14:45:52","modified_gmt":"2025-08-23T12:45:52","slug":"nachwuchs","status":"publish","type":"page","link":"https:\/\/www.asvschrems.com\/fussball\/spielbetrieb\/nachwuchs\/","title":{"rendered":"Nachwuchs"},"content":{"rendered":"<div class=\"wpb-content-wrapper\"><p>[vc_row][vc_column][vc_column_text css=&#8220;&#8220;]<div class=\"nw-menu\">\n\t<a class=\"nw-link\" href=\"https:\/\/www.asvschrems.com\/fussball\/u16\/\">U16<\/a><br \/>\n\t<a class=\"nw-link\" href=\"https:\/\/www.asvschrems.com\/fussball\/u15\/\">U15<\/a><br \/>\n\t<a class=\"nw-link\" href=\"https:\/\/www.asvschrems.com\/fussball\/u14\/\">U14<\/a><br \/>\n\t<a class=\"nw-link\" href=\"https:\/\/www.asvschrems.com\/fussball\/u13\/\">U13<\/a><br \/>\n\t<a class=\"nw-link\" href=\"https:\/\/www.asvschrems.com\/fussball\/u12\/\">U12<\/a><br \/>\n\t<a class=\"nw-link\" href=\"https:\/\/www.asvschrems.com\/fussball\/u11-a\/\">U11-A<\/a><br \/>\n\t<a class=\"nw-link\" href=\"https:\/\/www.asvschrems.com\/fussball\/u11-b\/\">U11-B<\/a><br \/>\n\t<a class=\"nw-link\" href=\"https:\/\/www.asvschrems.com\/fussball\/u10-a\/\">U10-A<\/a><br \/>\n\t<a class=\"nw-link\" href=\"https:\/\/www.asvschrems.com\/fussball\/u10-b\/\">U10-B<\/a><br \/>\n\t<a class=\"nw-link\" href=\"https:\/\/www.asvschrems.com\/fussball\/u10-c\/\">U10-C (M\u00e4dchen)<\/a><br \/>\n\t<a class=\"nw-link\" href=\"https:\/\/www.asvschrems.com\/fussball\/u9-a\/\">U9-A<\/a><br \/>\n\t<a class=\"nw-link\" href=\"https:\/\/www.asvschrems.com\/fussball\/u9-b\/\">U9-B<\/a><br \/>\n\t<a class=\"nw-link\" href=\"https:\/\/www.asvschrems.com\/fussball\/u9-c\/\">U9-C (M\u00e4dchen)<\/a><br \/>\n\t<a class=\"nw-link\" href=\"https:\/\/www.asvschrems.com\/fussball\/u8-a\/\">U8-A<\/a><br \/>\n\t<a class=\"nw-link\" href=\"https:\/\/www.asvschrems.com\/fussball\/u8-b\/\">U8-B<\/a><br \/>\n\t<a class=\"nw-link\" href=\"https:\/\/www.asvschrems.com\/fussball\/u7-a\/\">U7-A<\/a><br \/>\n\t<a class=\"nw-link\" href=\"https:\/\/www.asvschrems.com\/fussball\/u7-b\/\">U7-B<\/a>\n<\/div>\n<style>\n\t.nw-link {\n\t\tdisplay: inline-block; min-width: 80px; text-align: center;\n\tmargin: 0px 2px 5px 2px; padding: 8px 8px; border-radius: 8px; background: #f8fafc; border: 1px solid #e5e7eb; color: #85868c; font-weight: 800; text-decoration: none;\n\t}\n\t.nw-link:first-child {\n\t\tmargin-left: 0px\n\t}\n\t.nw-menu {\n\t\tflex: 1;\n  \t\tdisplay: flex;\n  \t\toverflow: auto;\n\t}<\/p>\n<\/style>\n[\/vc_column_text][\/vc_column][\/vc_row][vc_row][vc_column width=&#8220;3\/4&#8243; css=&#8220;.vc_custom_1546459217213{margin-top: 0px !important;}&#8220;][vc_column_text css=&#8220;&#8220;]<\/p>\n<p style=\"text-align: center;\">Alle Infos rund um unsere Nachwuchs-Mannschaften in der Saison 2025\/26,<br \/>\n<strong>Kader, Tabellen <\/strong>und <strong>Ergebnisse,<\/strong> findet ihr auf der jeweiligen \u00dcbersichtsseite.<\/p>\n<p style=\"text-align: center;\">Diese Saison spielen wir mit sensationellen 17 Nachwuchsmannschaften in Bewerben. Unsere <strong>U16<\/strong> sowie unsere <strong>U15<\/strong>\u00a0in der Nachwuchslandesliga!<\/p>\n<p>&nbsp;<\/p>\n<h6 style=\"text-align: center;\"><\/h6>\n<p>[\/vc_column_text][\/vc_column][vc_column width=&#8220;1\/4&#8243; css=&#8220;.vc_custom_1546459593878{margin-top: -20px !important;}&#8220;][vc_column_text css=&#8220;.vc_custom_1689314227018{margin-top: -20px !important;}&#8220;]<img loading=\"lazy\" decoding=\"async\" class=\"alignleft wp-image-1827\" src=\"http:\/\/www.asvschrems.com\/fussball\/wp-content\/uploads\/2018\/08\/Asv_logo_nw-1.png\" alt=\"\" width=\"155\" height=\"175\" srcset=\"https:\/\/www.asvschrems.com\/fussball\/wp-content\/uploads\/2018\/08\/Asv_logo_nw-1.png 456w, https:\/\/www.asvschrems.com\/fussball\/wp-content\/uploads\/2018\/08\/Asv_logo_nw-1-265x300.png 265w, https:\/\/www.asvschrems.com\/fussball\/wp-content\/uploads\/2018\/08\/Asv_logo_nw-1-113x128.png 113w, https:\/\/www.asvschrems.com\/fussball\/wp-content\/uploads\/2018\/08\/Asv_logo_nw-1-28x32.png 28w\" sizes=\"auto, (max-width: 155px) 100vw, 155px\" \/>[\/vc_column_text][\/vc_column][vc_column][vc_single_image image=&#8220;4053&#8243; img_size=&#8220;large&#8220; alignment=&#8220;center&#8220; css=&#8220;&#8220;][vc_column_text css=&#8220;&#8220;]<em>Foto vom traditionellen Nachwuchs-Sommercamp 2024<\/em>[\/vc_column_text][\/vc_column][\/vc_row][vc_row][vc_column css=&#8220;.vc_custom_1546459377827{margin-top: 0px !important;}&#8220;][vc_tta_accordion style=&#8220;flat&#8220; spacing=&#8220;2&#8243; c_icon=&#8220;chevron&#8220; active_section=&#8220;1&#8243;][vc_tta_section i_type=&#8220;entypo&#8220; i_icon_entypo=&#8220;entypo-icon entypo-icon-heart&#8220; add_icon=&#8220;true&#8220; title=&#8220;Der Nachwuchs &#8211; die Basis und das Herz des Vereins&#8220; tab_id=&#8220;1546455810137-10af2194-4e45&#8243;][vc_column_text css=&#8220;&#8220;]<\/p>\n<p style=\"text-align: center;\">Die Mission der Nachwuchsleitung schlie\u00dft an die Ziele des Gesamtvereins an und versucht diese bestm\u00f6glich zu st\u00fctzen. Folglich kommt der Ausbildung der NachwuchsspielerInnen eine gro\u00dfe Wichtigkeit und Bedeutung zu.<br \/>\nWir legen gro\u00dfes Augenmerk darauf, die Werte und Normen unseres Vereins den Spielerinnen zu vermitteln.<\/p>\n<p style=\"text-align: center;\">N\u00e4heres zu unseren Vereinswerten unter <a href=\"https:\/\/www.asvschrems.com\/fussball\/verein\/unsere-werte\/\">Unsere Werte<\/a>.<\/p>\n<p>[\/vc_column_text][\/vc_tta_section][vc_tta_section i_type=&#8220;entypo&#8220; i_icon_entypo=&#8220;entypo-icon entypo-icon-link&#8220; add_icon=&#8220;true&#8220; title=&#8220;Aufgaben und Motive f\u00fcr unsere Jugendarbeit&#8220; tab_id=&#8220;1546455810138-27a8ef71-6673&#8243;][vc_column_text]<\/p>\n<p style=\"text-align: center;\">Unser Ziel ist es m\u00f6glichst viele unserer Talente zu SpielerInnen zu formen, die einen Mehrwert bieten \u2013 im optimalen Fall als zuk\u00fcnftige SpielerInnen in die Hauptmannschaften zu bringen.<\/p>\n<p style=\"text-align: center;\">Wir wollen m\u00f6glichst viele SpielerInnen auf einem sehr hohen Niveau ausbilden, die den Anspr\u00fcchen eines modernen <strong>\u201eAmateur Fu\u00dfballs\u201c<\/strong> entsprechen, womit f\u00fcr den Verein die Voraussetzung f\u00fcr einen sportlichen Erfolg garantiert wird.<\/p>\n<p>[\/vc_column_text][\/vc_tta_section][vc_tta_section i_type=&#8220;entypo&#8220; i_icon_entypo=&#8220;entypo-icon entypo-icon-bookmark&#8220; add_icon=&#8220;true&#8220; title=&#8220;Leitbild und Leits\u00e4tze&#8220; tab_id=&#8220;1546457313182-8c43d8fd-17ad&#8220;][vc_column_text]<\/p>\n<p style=\"text-align: center;\">Mit Hilfe aller Funktion\u00e4re, sportlicher Leitung, Trainer, Sponsoren und Fans m\u00f6chten wir im Nachwuchs ein fu\u00dfballerischer Fixpunkt der gesamten Region werden.<\/p>\n<p style=\"text-align: center;\">W\u00e4hrend der sportlichen Ausbildung im Verein sollen sich alle SpielerInnen individuell optimal weiterentwickeln k\u00f6nnen und durch bestm\u00f6gliche Bedingungen gef\u00f6rdert werden.<\/p>\n<p style=\"text-align: center;\">Unsere Familie lebt vor, was unsere NachwuchsspielerInnen lernen!<\/p>\n<hr \/>\n<p style=\"text-align: center;\">Spa\u00df \u2013 Freude an der Bewegung<\/p>\n<hr \/>\n<p style=\"text-align: center;\">Kinderfu\u00dfball bedeutet Spielen \u2013 Spielen &#8211; Spielen<\/p>\n<hr \/>\n<p style=\"text-align: center;\">Zusammensein und die Freizeit mit Freunden verbringen \u2013 neue Freunde kennen lernen<\/p>\n<hr \/>\n<p style=\"text-align: center;\">Alle SpielerInnen spielen<\/p>\n<hr \/>\n<p style=\"text-align: center;\">Wir sind ein Team \u2013 wir siegen gemeinsam \u2013 feiern gemeinsam &#8211; verlieren gemeinsam<\/p>\n<hr \/>\n<p style=\"text-align: center;\">Abwechslungsreiche und Vielseitige Gestaltung &#8211; Kurzweiligkeit<\/p>\n<hr \/>\n<p style=\"text-align: center;\">Respekt &amp; Offenheit &#8211; Wir respektieren uns alle, sowie Gegner und Schiedsrichter<\/p>\n<hr \/>\n<p style=\"text-align: center;\">Die Spiele sind f\u00fcr Kinder und nicht f\u00fcr Erwachsene<\/p>\n<hr \/>\n<p style=\"text-align: center;\">Ziel ist \u2013 f\u00fcr Kinder einen begl\u00fcckenden Fu\u00dfball zu schaffen \u2013 Freude vermitteln<\/p>\n<hr \/>\n<p style=\"text-align: center;\">Verl\u00e4sslichkeit &#8211; Wir unterst\u00fctzen uns und sind f\u00fcreinander da!<\/p>\n<hr \/>\n<p style=\"text-align: center;\">Zusammenhalt und Loyalit\u00e4t &#8211; Wir stehen zu unserem Verein \u2013 der Familie ASV<\/p>\n<hr \/>\n<p style=\"text-align: center;\">Kameradschaft und Vertrauen<\/p>\n<hr \/>\n<p style=\"text-align: center;\">Wir k\u00f6nnen uns aufeinander verlassen \u2013 einer f\u00fcr Alle \u2013 Alle f\u00fcr einen<\/p>\n<hr \/>\n<p style=\"text-align: center;\">Wir vertrauen unseren Mitspielern und Trainern<\/p>\n<hr \/>\n<p style=\"text-align: center;\">Kommunikation &#8211; Wir reden miteinander und nicht \u00fcbereinander!<\/p>\n<p>[\/vc_column_text][\/vc_tta_section][vc_tta_section i_type=&#8220;entypo&#8220; i_icon_entypo=&#8220;entypo-icon entypo-icon-user&#8220; add_icon=&#8220;true&#8220; title=&#8220;Was darf ich von meinem Trainer erwarten?&#8220; tab_id=&#8220;1546457562548-51a27e3a-7d55&#8243;][vc_column_text]<\/p>\n<ul>\n<li>Unser Trainer vermitteln Spa\u00df und Freude am Fu\u00dfball.\n<ul>\n<li>Spa\u00df \u2013 gute Laune \u2013 und trotzdem hohe Konzentration ist ein Schl\u00fcssel zum Erfolg<\/li>\n<\/ul>\n<\/li>\n<li>Motivator\n<ul>\n<li>Unsere Trainer motivieren, loben und unterst\u00fctzen<\/li>\n<\/ul>\n<\/li>\n<li>Zuverl\u00e4ssigkeit\n<ul>\n<li>Unsere Trainer sind zuverl\u00e4ssig und p\u00fcnktlich<\/li>\n<\/ul>\n<\/li>\n<li>Vorbereitung\n<ul>\n<li>Unsere Trainer kommen nie unvorbereitet zum Training oder Spiel und haben einen Plan, den sie umsetzen<\/li>\n<\/ul>\n<\/li>\n<li>Verhalten\n<ul>\n<li>Unsere Trainer sind Vorbilder, sie verhalten sich so wie sie es von den Spielerinnen erwarten.<\/li>\n<\/ul>\n<\/li>\n<li>Respekt\n<ul>\n<li>Unsere Trainer respektieren alle SpielerInnen<\/li>\n<li>Unsere Trainer sind tolerant und offen zu allen Kulturen<\/li>\n<\/ul>\n<\/li>\n<\/ul>\n<ul>\n<li>Ausgeglichenheit\n<ul>\n<li>Unsere Trainer strahlen Ruhe aus.<\/li>\n<li>Ein schreiender Trainer ist ein schlechter Trainer \u2013 sie sind sachlich und ruhig. Unsere SpielerInnen sind unsere Partner<\/li>\n<li>Unsere Trainer \u00fcberzeugen durch Fachwissen und Vorzeigen.<\/li>\n<\/ul>\n<\/li>\n<\/ul>\n<p>[\/vc_column_text][\/vc_tta_section][vc_tta_section i_type=&#8220;entypo&#8220; i_icon_entypo=&#8220;entypo-icon entypo-icon-users&#8220; add_icon=&#8220;true&#8220; title=&#8220;Was erwarten wir von unseren Nachwuchs SpielerInnen?&#8220; tab_id=&#8220;1546457885682-32d4da12-f06d&#8220;][vc_column_text]<\/p>\n<p style=\"text-align: center;\">Spa\u00df \u2013 Freude an der Bewegung<\/p>\n<hr \/>\n<p style=\"text-align: center;\">Freizeit mit Freunden verbringen<\/p>\n<hr \/>\n<p style=\"text-align: center;\"><strong>Identifizierung<\/strong>: Wir sind stolz dabei zu sein &#8211; Familie ASV<\/p>\n<hr \/>\n<p style=\"text-align: center;\">Ehrlichkeit &#8211; Wir haben eine ehrliche Einstellung zu unseren Mitspielern, Trainern und Verein<\/p>\n<hr \/>\n<p style=\"text-align: center;\">Respekt &#8211; Wir haben einen respektvollen Umgang mit Spielerinnen und Trainern sowie Achtung vor unseren sportlichen Gegnern, sind tolerant und offen zu allen Kulturen.<\/p>\n<hr \/>\n<p style=\"text-align: center;\">Wir siegen, verlieren und feiern zusammen \u2013 wir sind ein Team.<\/p>\n<p style=\"text-align: center;\">Ein Mitglied der ASV EATON Schrems Familie.<\/p>\n<p>[\/vc_column_text][\/vc_tta_section][vc_tta_section i_type=&#8220;entypo&#8220; i_icon_entypo=&#8220;entypo-icon entypo-icon-home&#8220; add_icon=&#8220;true&#8220; title=&#8220;Was erwarten wir von Eltern, Gro\u00dfeltern und Begleitern?&#8220; tab_id=&#8220;1546458032014-5296f4a4-113a&#8220;][vc_column_text]<\/p>\n<p style=\"text-align: left;\">Liebe Eltern, Gro\u00dfeltern und Begleiter:<br \/>\nWir freuen uns, dass ihr zu unseren Spielen kommt und das Sie Interesse an unseren T\u00e4tigkeiten und unserem Sport zeigen.<\/p>\n<p>&nbsp;<\/p>\n<p style=\"text-align: left; padding-left: 30px;\"><strong>Bitte denkt daran:<\/strong><\/p>\n<p style=\"text-align: left; padding-left: 30px;\">Es spielen Kinder \u2013 keine Profis<\/p>\n<p style=\"text-align: left; padding-left: 30px;\">Es ist nur ein Spiel<\/p>\n<p style=\"text-align: left; padding-left: 30px;\">Die Trainer sind Freiwillige.<\/p>\n<p style=\"text-align: left; padding-left: 30px;\">Der Schiedsrichter ist auch nur ein Mensch<\/p>\n<p style=\"text-align: left; padding-left: 30px;\">Wir spielen nicht bei der WM oder EM!<\/p>\n<p>&nbsp;<\/p>\n<p style=\"text-align: left;\"><strong>Spiel \u2013 Turnier Tag &#8211; Heute ist unser Tag!<\/strong><\/p>\n<p style=\"text-align: left;\">&#8222;Wir sind gekommen, haben trainiert, ge\u00fcbt, um mit viel Freude und gro\u00dfem Eifer Fu\u00dfball zu spielen. Klar, jeder von uns gewinnt auch gerne. Doch das wichtigste f\u00fcr uns ist das Spielen.&#8220;<\/p>\n<p style=\"text-align: left;\"><strong>Also lasst uns bitte spielen!<\/strong><\/p>\n<p style=\"text-align: left;\">&#8222;Schreit nicht ins Spiel, seid fair gegen\u00fcber dem Gegner und seinen Zuschauern. Reklamiert nicht nach jedem Fehler den wir machen, denn es ist entmutigend und hilft uns nicht weiter, es besser zu machen.&#8220;<\/p>\n<p style=\"text-align: left;\">&#8222;Wir sind noch am Lernen! Bitte vergesst das nicht.&#8220;<\/p>\n<p>&nbsp;<\/p>\n<p style=\"text-align: left; padding-left: 30px;\"><strong>Deshalbe bitten wir euch nochmal\u00a0ausdr\u00fccklich:<\/strong><\/p>\n<p style=\"text-align: left; padding-left: 30px;\">Vermeidet Unmuts\u00e4u\u00dferungen und Beleidigungen, wenn unseren jungen SpielerInnen Fehler unterlaufen. Sie lernen noch!<\/p>\n<p style=\"text-align: left; padding-left: 30px;\">Unterst\u00fctzen Sie Ihre Kinder durch positive Aufmunterung und Lob, auch wenn es nicht immer so klappt und perfekt l\u00e4uft.<\/p>\n<p style=\"text-align: left; padding-left: 30px;\">Bitte \u2013 kommentiert nicht die Entscheidungen der Schiedsrichter.<\/p>\n<p style=\"text-align: left; padding-left: 30px;\">Eltern sind Vorbilder \u2013 behandelt sportliche Gegner, Trainer, Spieler und anderen Eltern mit Respekt.<\/p>\n<p style=\"text-align: left; padding-left: 30px;\">Unsere Trainer bem\u00fchen sich das Beste f\u00fcr Ihr Kind umzusetzen \u2013 kommentiert bitte nicht die Trainerentscheidungen.<\/p>\n<p style=\"text-align: left; padding-left: 30px;\">Wir sprechen Miteinander und nicht \u00dcbereinander.<\/p>\n<p style=\"text-align: left; padding-left: 30px;\">Bei Spielen repr\u00e4sentieren auch die Eltern den Verein nach au\u00dfen \u2013 vertreten wir also den Verein mit Respekt. Auch die Eltern sind ein Teil der ASV Familie.<\/p>\n<p style=\"text-align: left; padding-left: 30px;\">Wir begegnen allen Kulturen mit Respekt und Toleranz.<\/p>\n<p style=\"text-align: left;\"><strong>Wir wissen um unser Kapital \u2013 dem Nachwuchs!<\/strong><\/p>\n<p>[\/vc_column_text][\/vc_tta_section][vc_tta_section i_type=&#8220;entypo&#8220; i_icon_entypo=&#8220;entypo-icon entypo-icon-star&#8220; add_icon=&#8220;true&#8220; title=&#8220;Wir haben dein Interesse geweckt?&#8220; tab_id=&#8220;1546458440582-ea592cee-eca0&#8243;][vc_column_text css=&#8220;&#8220;]<strong>Du m\u00f6chtest zur Familie des ASV Schrems geh\u00f6ren?<\/strong><\/p>\n<p>Ist Fu\u00dfball deine Leidenschaft?<br \/>\nKannst du keinen Tag ohne einen Ball verbringen?<br \/>\nM\u00f6chtest du in einem Team sein?<br \/>\nNeue Freunde kennenlernen?<\/p>\n<p>Dann bist du bei uns genau richtig!<\/p>\n<p>Wenn Du genau so viel Spa\u00df und Freude am Fu\u00dfballspielen hast wie wir und\u00a0Du den Fu\u00dfballplatz zu deinem zweiten Wohnzimmer, Spielzimmer erkl\u00e4rt hast,\u00a0dann melde dich!<\/p>\n<p>Unsere Nachwuchsleiter und Trainer des ASV EATON Schrems sind gerne bereit dir alles bei uns zu zeigen und dich den neuen Freunden vorzustellen.<\/p>\n<p>Mache einen Termin f\u00fcr ein Schnuppertraining aus, dann kannst du live erleben wie es bei uns zugeht!<\/p>\n<p>Unsere aktuellen Mannschaften &amp; Teams mit Spielgemeinschaften findet ihr immer aktuell auf der <a href=\"https:\/\/vereine.oefb.at\/asvschrems\/Mannschaften\/Saison-2023-24\/U15\/Spiele\">Fu\u00dfball\u00f6sterreich-Seite<\/a>.<\/p>\n<p><strong>Dein Ansprechpartner ist das Nachwuchsleiterteam:<\/strong><\/p>\n<p><strong>Frau Doris Pr\u00fcfer &#8211; Vorstandssprecherin des Nachwuchsleiterteams &#8211; <a href=\"tel:06644605446\">06644605446<\/a> &#8211; <a href=\"mailto:doris.pruefer@asvschrems.com\">doris.pruefer@asvschrems.com<\/a><br \/>\nHerr Christian Pr\u00fcfer &#8211; Nachwuchs Koordinator | Kinderfu\u00dfball &#8211;<\/strong> <a href=\"tel:06645163178\">06645163178<\/a>\u00a0&#8211; <a href=\"mailto:christian.pruefer@asvschrems.com\">christian.pruefer@asvschrems.com<\/a><br \/>\n<strong>Herr Patrick Koppensteiner &#8211; Nachwuchs Koordinator | Jugendfu\u00dfball <\/strong>&#8211; <a href=\"tel:06644034749\">06644034749<\/a> &#8211; <a href=\"mailto:patrick.koppensteiner@asvschrems.com\">patrick.koppensteiner<span class=\"text-medGray2\">@asvschrems.com<\/span><\/a><\/p>\n<p>&nbsp;<\/p>\n<p>Wir freuen uns dich bei uns begr\u00fc\u00dfen zu d\u00fcrfen[\/vc_column_text][\/vc_tta_section][vc_tta_section i_type=&#8220;entypo&#8220; i_icon_entypo=&#8220;entypo-icon entypo-icon-user-add&#8220; add_icon=&#8220;true&#8220; title=&#8220;Interesse das Vorbild (Nachwuchstrainer) zu werden?&#8220; tab_id=&#8220;1546458834838-ac1ac339-88b9&#8243;][vc_column_text css=&#8220;&#8220;]Du hast nur Fu\u00dfball im Kopf?<br \/>\nDu verbindest Fu\u00dfball mit Leidenschaft?<br \/>\nDu liebst den Umgang mit Kindern und Jugendlichen?<\/p>\n<p><strong>Dann bist du der richtige Trainer f\u00fcr unseren Nachwuchs!<\/strong><\/p>\n<p>Nicht nur unsere Kinder werden trainiert.<br \/>\nAuch deine Ausbildung liegt uns am Herzen!!<\/p>\n<p>Wir schulen dich intern bei<\/p>\n<ul>\n<li>Taktischen und sportlichen Aspekten<\/li>\n<li>Didaktischen Aspekten<\/li>\n<\/ul>\n<p>Alle Jahre entsenden wir sehr interessierte Jugendtrainer zu externen Schulungen \u2013 z.B. Lindabrunn, um Fu\u00dfball Trainer Lizenzen zu erwerben.<\/p>\n<p><strong>Was erwarten wir von unseren NachwuchstrainerInnen \u2013 Daten und Fakten <\/strong><\/p>\n<ul>\n<li>Wir suchen motivierte \u2013 gut organisierte \u2013 begeisterungsf\u00e4hige &#8211; verl\u00e4ssliche TrainerInnen<\/li>\n<li>Wir trainieren Mannschaften von 6 bis 16 Jahren<\/li>\n<li>Wir sind reine Amateure und ein Amateurverein<\/li>\n<li>Etwas Freizeit\n<ul>\n<li>Wir trainieren 2 Mal w\u00f6chentlich an Werktagen<\/li>\n<li>Spiele \/ Turniere k\u00f6nnen je nach Vereinbarung auch an Samstagen und Sonntagen stattfinden<\/li>\n<\/ul>\n<\/li>\n<\/ul>\n<p><strong>Wir haben Dein Interesse geweckt?<\/strong><\/p>\n<p>Komm vorbei \u2013 schau dir einen Trainingstag bei uns in der ASV Familie an und entscheide danach.<\/p>\n<p><strong>Dein Ansprechpartner ist das Nachwuchsleiterteam:<\/strong><\/p>\n<p style=\"padding-left: 30px;\"><strong>Frau Doris Pr\u00fcfer &#8211; Vorstandssprecherin des Nachwuchsleiterteams &#8211; <a href=\"tel:06644605446\">06644605446<\/a> &#8211; <a href=\"mailto:doris.pruefer@asvschrems.com\">doris.pruefer@asvschrems.com<\/a><br \/>\nHerr Christian Pr\u00fcfer &#8211; Nachwuchs Koordinator | Kinderfu\u00dfball &#8211;<\/strong> <a href=\"tel:06645163178\">06645163178<\/a>\u00a0&#8211; <a href=\"mailto:christian.pruefer@asvschrems.com\">christian.pruefer@asvschrems.com<\/a><br \/>\n<strong>Herr Patrick Koppensteiner &#8211; Nachwuchs Koordinator | Jugendfu\u00dfball <\/strong>&#8211; <a href=\"tel:06644034749\">06644034749<\/a> &#8211; <a href=\"mailto:patrick.koppensteiner@asvschrems.com\">patrick.koppensteiner<span class=\"text-medGray2\">@asvschrems.com<\/span><\/a><\/p>\n<p>&nbsp;<\/p>\n<p>Wir w\u00fcrden uns freuen dich in unserer Trainer Familie beim ASV EATON Schrems dabei zu haben![\/vc_column_text][\/vc_tta_section][vc_tta_section i_icon_fontawesome=&#8220;fas fa-undo-alt&#8220; add_icon=&#8220;true&#8220; title=&#8220;Jahresr\u00fcckblicke-Archiv&#8220; tab_id=&#8220;1689313991491-b0e52576-f64b&#8220;][vc_column_text css=&#8220;&#8220;]<\/p>\n<h6 style=\"text-align: center;\"><strong>\u2192<a style=\"font-weight: bold;\" href=\"http:\/\/www.asvschrems.com\/fussball\/wp-content\/uploads\/2018\/02\/Folder-Nachwuchs-2017.pdf\">J<\/a><a style=\"font-weight: bold;\" href=\"http:\/\/www.asvschrems.com\/fussball\/wp-content\/uploads\/2018\/02\/Folder-Nachwuchs-2017.pdf\">ahresr\u00fcckblicksfolder Nachwuchs 2017<\/a><\/strong><br \/>\n<strong>\u2192<a href=\"http:\/\/www.asvschrems.com\/fussball\/wp-content\/uploads\/2019\/01\/Folder-Nachwuchs-2018.pdf\">Jahresr\u00fcckblicksfolder Nachwuchs 2018<\/a><br \/>\n<\/strong><a href=\"https:\/\/www.asvschrems.com\/fussball\/wp-content\/uploads\/2025\/01\/Jahresabschlussbroschuere-2023_V4_20250122.pdf\"><strong>\u2192Jahresr\u00fcckblicksfolder Nachwuchs 2023<\/strong><\/a><\/h6>\n<p>[\/vc_column_text][\/vc_tta_section][\/vc_tta_accordion][\/vc_column][\/vc_row]<\/p>\n<\/div>","protected":false},"excerpt":{"rendered":"<p>[vc_row][vc_column][vc_column_text css=&#8220;&#8220;][\/vc_column_text][\/vc_column][\/vc_row][vc_row][vc_column width=&#8220;3\/4&#8243; css=&#8220;.vc_custom_1546459217213{margin-top: 0px !important;}&#8220;][vc_column_text css=&#8220;&#8220;] Alle Infos rund um unsere Nachwuchs-Mannschaften in der Saison 2025\/26, Kader, Tabellen und Ergebnisse, findet ihr auf der jeweiligen \u00dcbersichtsseite. Diese Saison spielen wir mit sensationellen 17 Nachwuchsmannschaften in Bewerben. Unsere U16 sowie unsere U15\u00a0in der Nachwuchslandesliga! &nbsp; [\/vc_column_text][\/vc_column][vc_column width=&#8220;1\/4&#8243; css=&#8220;.vc_custom_1546459593878{margin-top: -20px !important;}&#8220;][vc_column_text css=&#8220;.vc_custom_1689314227018{margin-top: -20px !important;}&#8220;][\/vc_column_text][\/vc_column][vc_column][vc_single_image image=&#8220;4053&#8243; img_size=&#8220;large&#8220;&hellip;<\/p>\n","protected":false},"author":1,"featured_media":0,"parent":2042,"menu_order":0,"comment_status":"closed","ping_status":"closed","template":"","meta":{"inline_featured_image":false,"footnotes":""},"class_list":["post-1310","page","type-page","status-publish","hentry","description-off"],"_links":{"self":[{"href":"https:\/\/www.asvschrems.com\/fussball\/wp-json\/wp\/v2\/pages\/1310","targetHints":{"allow":["GET"]}}],"collection":[{"href":"https:\/\/www.asvschrems.com\/fussball\/wp-json\/wp\/v2\/pages"}],"about":[{"href":"https:\/\/www.asvschrems.com\/fussball\/wp-json\/wp\/v2\/types\/page"}],"author":[{"embeddable":true,"href":"https:\/\/www.asvschrems.com\/fussball\/wp-json\/wp\/v2\/users\/1"}],"replies":[{"embeddable":true,"href":"https:\/\/www.asvschrems.com\/fussball\/wp-json\/wp\/v2\/comments?post=1310"}],"version-history":[{"count":15,"href":"https:\/\/www.asvschrems.com\/fussball\/wp-json\/wp\/v2\/pages\/1310\/revisions"}],"predecessor-version":[{"id":5185,"href":"https:\/\/www.asvschrems.com\/fussball\/wp-json\/wp\/v2\/pages\/1310\/revisions\/5185"}],"up":[{"embeddable":true,"href":"https:\/\/www.asvschrems.com\/fussball\/wp-json\/wp\/v2\/pages\/2042"}],"wp:attachment":[{"href":"https:\/\/www.asvschrems.com\/fussball\/wp-json\/wp\/v2\/media?parent=1310"}],"curies":[{"name":"wp","href":"https:\/\/api.w.org\/{rel}","templated":true}]}}