{"id":2050,"date":"2019-01-03T20:14:36","date_gmt":"2019-01-03T19:14:36","guid":{"rendered":"http:\/\/www.asvschrems.com\/fussball\/?page_id=2050"},"modified":"2025-06-29T07:03:26","modified_gmt":"2025-06-29T05:03:26","slug":"werde-teil-des-asv","status":"publish","type":"page","link":"https:\/\/www.asvschrems.com\/fussball\/werde-teil-des-asv\/","title":{"rendered":"Werde Teil des ASV"},"content":{"rendered":"<div class=\"wpb-content-wrapper\"><p>[vc_row][vc_column][vc_column_text css=&#8220;&#8220;]<\/p>\n<p style=\"text-align: center;\"><em>Werde Teil des ASV \u2013 Gemeinsam Zukunft gestalten &#8211;<\/em><\/p>\n<p style=\"text-align: center;\" data-start=\"266\" data-end=\"348\"><strong data-start=\"266\" data-end=\"348\">Stolz auf heute. Mut f\u00fcr morgen. Verwurzelt im Waldviertel. ASV #einLebenlang.<\/strong><\/p>\n<p data-start=\"350\" data-end=\"500\">\n<p>[\/vc_column_text][\/vc_column][\/vc_row][vc_row][vc_column width=&#8220;1\/2&#8243;][vc_icon type=&#8220;entypo&#8220; icon_entypo=&#8220;entypo-icon entypo-icon-star&#8220; color=&#8220;custom&#8220; background_style=&#8220;rounded-outline&#8220; align=&#8220;center&#8220; custom_color=&#8220;#aa1616&#8243;][vc_text_separator title=&#8220;Anh\u00e4ngerklub&#8220; color=&#8220;custom&#8220; border_width=&#8220;2&#8243; accent_color=&#8220;#aa1616&#8243;][vc_column_text]<\/p>\n<p style=\"text-align: center;\">Mit dieser wertvollen Art der Unterst\u00fctzung garantierst du unseren Spielern, und vor allem unserem Nachwuchs ein professionelles Umfeld, und auch die Ausbildung im Nachwuchsbereich.<\/p>\n<p style=\"text-align: center;\">Als Mitglied beim ASV EATON Schrems erh\u00e4ltst du als erster Jahreskarten\/Saisonkarten individuell mit deinem Namen.<\/p>\n<p style=\"text-align: center;\">Du kannst sie auch als Geschenk f\u00fcr Freunde und Familienmitglieder erwerben.<\/p>\n<p style=\"text-align: center;\">Jedes Jahr vor Saisoner\u00f6ffnung laden wir alle aktiven Mitglieder zur Spielerpr\u00e4sentation ein. Hier erfahren unsere Mitglieder als Erster was sich in der Spielpause getan hat.<\/p>\n<p style=\"text-align: center;\">Ein \u201eMeet&amp;Greet\u201c vor Beginn der Saison<\/p>\n<p style=\"text-align: center;\"><strong><br \/>\nDu hast Interesse?\u00a0<\/strong><\/p>\n<p style=\"text-align: center;\">Informiere dich &#8211; melde dich bei<br \/>\nRobert M\u00fcller &#8211;\u00a0<a href=\"mailto:robert.mueller@asvschrems.com\">robert.mueller@asvschrems.com<\/a>\u00a0&#8211; <a href=\"tel:0285377454\">02853 77 454\u00a0<\/a>[\/vc_column_text][vc_separator][\/vc_column][vc_column width=&#8220;1\/2&#8243;][vc_icon type=&#8220;entypo&#8220; icon_entypo=&#8220;entypo-icon entypo-icon-heart&#8220; color=&#8220;custom&#8220; background_style=&#8220;rounded-outline&#8220; align=&#8220;center&#8220; custom_color=&#8220;#1e73be&#8220;][vc_text_separator title=&#8220;ASV Fanatics Schrems&#8220; color=&#8220;custom&#8220; border_width=&#8220;2&#8243; accent_color=&#8220;#1e73be&#8220;][vc_column_text]<\/p>\n<p style=\"text-align: center;\"><strong>Der 12. Mann<\/strong> &#8211; immer zuverl\u00e4ssig und lautstark im und au\u00dferhalb unseres Stadions unterst\u00fctzen wir alle Events und Aktivit\u00e4ten des Vereins. Du m\u00f6chtest Mitglied beim geilsten Anh\u00e4ngerclub der Fu\u00dfballszene im Waldviertel werden?<\/p>\n<p style=\"text-align: center;\"><strong>Fanges\u00e4nge und Choreographien sind deine Leidenschaft?<br \/>\n<\/strong>\u2026. Ohne Schremser ist hier heut nix los\u2026.<br \/>\n\u2026. Wir sind Schrems \u2013 und wer seid Ihr \u2026\u2026.<br \/>\n\u2026. Steht auf f\u00fcr wenn ihr Schremser seid \u2026\u2026<br \/>\n\u2026. Auf geht\u00b4s Schremser \u2013 K\u00e4mpfen und siegen \u2026.<br \/>\n<em>und noch viel mehr..<\/em><\/p>\n<p style=\"text-align: center;\">Wenn du dich mit dem identifizieren kannst, dann bist du bei den Fanatics genau richtig.<\/p>\n<p style=\"text-align: center;\"><strong>Du hast Interesse?<\/strong><\/p>\n<p style=\"text-align: center;\">Kontaktiere uns doch gerne \u00fcber unsere <a href=\"http:\/\/facebook.com\/asvschremsfanatics\"><strong>Facebookseite<\/strong><\/a>. Hier findest du auch Infos unserer letzen Aktiv\u00e4ten, Choreografien, Presseartikel und andere Informationen.<\/p>\n<p style=\"text-align: center;\">Oder komm einfach zum Heimspiel,\u00a0 und kontaktiere uns in der Kurve!<\/p>\n<p>[\/vc_column_text][\/vc_column][\/vc_row][vc_row][vc_column][vc_text_separator title=&#8220;Hauptsponsoren&#8220; css=&#8220;&#8220;][vc_column_text css=&#8220;&#8220;]\t\t\r\n\t\t\r\n\t\t<style>\t\r\n\t\t\t\t\t\t\t#lswssp-logo-carousel-1 .lswssp-logo-img-wrap{min-height:100px}\r\n\t\t\t\t\t\t\t#lswssp-logo-carousel-1 .lswssp-logo-img-wrap .lswssp-logo-img{max-height:150px}\r\n\t\t\t\t\t<\/style>\r\n\r\n\t\t<div class=\"lswssp-wrap lswssp-logo-showcase lswssp-logo-carousel-wrap lswssp-post-data-wrap lswssp-design-1 \">\r\n\t<div class=\"lswssp-logo-carousel lswssp-logo-carousel-inr-wrap lswssp-post-data-inr-wrap lswssp-tooltip-conf lswssp-clearfix\" id=\"lswssp-logo-carousel-1\" data-conf=\"{&quot;id&quot;:&quot;4587&quot;,&quot;css_class&quot;:&quot;&quot;,&quot;display_type&quot;:&quot;slider&quot;,&quot;images&quot;:[3368,4173,3193,4013],&quot;design&quot;:&quot;design-1&quot;,&quot;show_title&quot;:false,&quot;show_desc&quot;:false,&quot;link_target&quot;:&quot;_blank&quot;,&quot;min_height&quot;:100,&quot;max_height&quot;:150,&quot;slides_show&quot;:4,&quot;slides_scroll&quot;:1,&quot;autoplay&quot;:true,&quot;autoplay_speed&quot;:2000,&quot;speed&quot;:2000,&quot;arrow&quot;:false,&quot;dots&quot;:false,&quot;pause_on_hover&quot;:true,&quot;loop&quot;:true,&quot;centermode&quot;:false,&quot;center_padding&quot;:0,&quot;ipad&quot;:&quot;&quot;,&quot;tablet&quot;:&quot;&quot;,&quot;mobile&quot;:&quot;&quot;,&quot;unique&quot;:1,&quot;count&quot;:0,&quot;slide_to_show&quot;:5,&quot;slide_to_show_ipad&quot;:3,&quot;slide_to_show_tablet&quot;:2,&quot;slide_to_show_mobile&quot;:1}\"><div class=\"lswssp-slide lswssp-post-3368\">\r\n\t<div class=\"lswssp-slide-inner\">\r\n\t\t<div class=\"lswssp-logo-img-wrap\">\r\n\t\t\t\t\t\t\t<a href=\"https:\/\/www.eaton.com\/at\/de-de.html\" class=\"lswssp-logo-img-link\" target=\"_blank\"><img decoding=\"async\" src=\"https:\/\/www.asvschrems.com\/fussball\/wp-content\/uploads\/2017\/09\/Eaton.png\" class=\"lswssp-logo-img\" alt=\"EATON\" \/><\/a>\r\n\t\t\t\t\t<\/div>\r\n\r\n\t\t\t<\/div>\r\n<\/div><div class=\"lswssp-slide lswssp-post-4173\">\r\n\t<div class=\"lswssp-slide-inner\">\r\n\t\t<div class=\"lswssp-logo-img-wrap\">\r\n\t\t\t\t\t\t\t<a href=\"https:\/\/www.elk.at\/\" class=\"lswssp-logo-img-link\" target=\"_blank\"><img decoding=\"async\" src=\"https:\/\/www.asvschrems.com\/fussball\/wp-content\/uploads\/2024\/08\/ELK-Logo-300x600-1.png\" class=\"lswssp-logo-img\" alt=\"ELK Logo 300x600\" \/><\/a>\r\n\t\t\t\t\t<\/div>\r\n\r\n\t\t\t<\/div>\r\n<\/div><div class=\"lswssp-slide lswssp-post-3193\">\r\n\t<div class=\"lswssp-slide-inner\">\r\n\t\t<div class=\"lswssp-logo-img-wrap\">\r\n\t\t\t\t\t\t\t<a href=\"https:\/\/meindl-transport.gemeindeinfo.app\/\" class=\"lswssp-logo-img-link\" target=\"_blank\"><img decoding=\"async\" src=\"https:\/\/www.asvschrems.com\/fussball\/wp-content\/uploads\/2017\/09\/meindl-transport.jpg\" class=\"lswssp-logo-img\" alt=\"Meindl Transporte\" \/><\/a>\r\n\t\t\t\t\t<\/div>\r\n\r\n\t\t\t<\/div>\r\n<\/div><div class=\"lswssp-slide lswssp-post-4013\">\r\n\t<div class=\"lswssp-slide-inner\">\r\n\t\t<div class=\"lswssp-logo-img-wrap\">\r\n\t\t\t\t\t\t\t<a href=\"https:\/\/www.schrems.at\/\" class=\"lswssp-logo-img-link\" target=\"_blank\"><img decoding=\"async\" src=\"https:\/\/www.asvschrems.com\/fussball\/wp-content\/uploads\/2024\/05\/kultstadt-schrems-300x600-1.png\" class=\"lswssp-logo-img\" alt=\"kultstadt schrems 300x600\" \/><\/a>\r\n\t\t\t\t\t<\/div>\r\n\r\n\t\t\t<\/div>\r\n<\/div>\t<\/div>\r\n<\/div>[\/vc_column_text][vc_text_separator title=&#8220;Premiumsponsoren&#8220; css=&#8220;&#8220;][vc_column_text css=&#8220;&#8220;]\t\t\r\n\t\t\r\n\t\t<style>\t\r\n\t\t\t\t\t\t\t#lswssp-logo-carousel-2 .lswssp-logo-img-wrap .lswssp-logo-img{max-height:200px}\r\n\t\t\t\t\t<\/style>\r\n\r\n\t\t<div class=\"lswssp-wrap lswssp-logo-showcase lswssp-logo-carousel-wrap lswssp-post-data-wrap lswssp-design-1  lswssp-center lswssp-default-height\">\r\n\t<div class=\"lswssp-logo-carousel lswssp-logo-carousel-inr-wrap lswssp-post-data-inr-wrap lswssp-tooltip-conf lswssp-clearfix\" id=\"lswssp-logo-carousel-2\" data-conf=\"{&quot;id&quot;:&quot;3940&quot;,&quot;css_class&quot;:&quot; lswssp-center lswssp-default-height&quot;,&quot;display_type&quot;:&quot;slider&quot;,&quot;images&quot;:[3185,3382,4488,4489,3607,955,1801,3518],&quot;design&quot;:&quot;design-1&quot;,&quot;show_title&quot;:false,&quot;show_desc&quot;:false,&quot;link_target&quot;:&quot;_blank&quot;,&quot;min_height&quot;:&quot;&quot;,&quot;max_height&quot;:200,&quot;slides_show&quot;:5,&quot;slides_scroll&quot;:11,&quot;autoplay&quot;:true,&quot;autoplay_speed&quot;:1500,&quot;speed&quot;:900,&quot;arrow&quot;:true,&quot;dots&quot;:true,&quot;pause_on_hover&quot;:true,&quot;loop&quot;:true,&quot;centermode&quot;:true,&quot;center_padding&quot;:50,&quot;ipad&quot;:&quot;&quot;,&quot;tablet&quot;:&quot;&quot;,&quot;mobile&quot;:&quot;&quot;,&quot;unique&quot;:2,&quot;count&quot;:0,&quot;slide_to_show&quot;:5,&quot;slide_to_show_ipad&quot;:3,&quot;slide_to_show_tablet&quot;:2,&quot;slide_to_show_mobile&quot;:1}\"><div class=\"lswssp-slide lswssp-post-3185\">\r\n\t<div class=\"lswssp-slide-inner\">\r\n\t\t<div class=\"lswssp-logo-img-wrap\">\r\n\t\t\t\t\t\t\t<a href=\"https:\/\/www.11teamsports.com\/at-de\/clubshop\/asv-schrems\/\" class=\"lswssp-logo-img-link\" target=\"_blank\"><img decoding=\"async\" src=\"https:\/\/www.asvschrems.com\/fussball\/wp-content\/uploads\/2022\/07\/11teamsports.jpg\" class=\"lswssp-logo-img\" alt=\"11teamsports\" \/><\/a>\r\n\t\t\t\t\t<\/div>\r\n\r\n\t\t\t<\/div>\r\n<\/div><div class=\"lswssp-slide lswssp-post-3382\">\r\n\t<div class=\"lswssp-slide-inner\">\r\n\t\t<div class=\"lswssp-logo-img-wrap\">\r\n\t\t\t\t\t\t\t<a href=\"https:\/\/www.admiral.ag\/filialen\/admiral-filialen\/#!\/l\/schrems\/josef-widy-strasse-17\/2306022\" class=\"lswssp-logo-img-link\" target=\"_blank\"><img decoding=\"async\" src=\"https:\/\/www.asvschrems.com\/fussball\/wp-content\/uploads\/2017\/09\/admiral.png\" class=\"lswssp-logo-img\" alt=\"ADMIRAL\" \/><\/a>\r\n\t\t\t\t\t<\/div>\r\n\r\n\t\t\t<\/div>\r\n<\/div><div class=\"lswssp-slide lswssp-post-4488\">\r\n\t<div class=\"lswssp-slide-inner\">\r\n\t\t<div class=\"lswssp-logo-img-wrap\">\r\n\t\t\t\t\t\t\t<a href=\"https:\/\/www.arktis.at\/\" class=\"lswssp-logo-img-link\" target=\"_blank\"><img decoding=\"async\" src=\"https:\/\/www.asvschrems.com\/fussball\/wp-content\/uploads\/2025\/03\/Arktis.png\" class=\"lswssp-logo-img\" alt=\"Arktis K\u00e4lte &amp; Klimatechnik GmbH\" \/><\/a>\r\n\t\t\t\t\t<\/div>\r\n\r\n\t\t\t<\/div>\r\n<\/div><div class=\"lswssp-slide lswssp-post-4489\">\r\n\t<div class=\"lswssp-slide-inner\">\r\n\t\t<div class=\"lswssp-logo-img-wrap\">\r\n\t\t\t\t\t\t\t<a href=\"https:\/\/www.elektromeindl.at\/\" class=\"lswssp-logo-img-link\" target=\"_blank\"><img decoding=\"async\" src=\"https:\/\/www.asvschrems.com\/fussball\/wp-content\/uploads\/2025\/03\/ElektroMeindl300x600.png\" class=\"lswssp-logo-img\" alt=\"Elektro Meindl\" \/><\/a>\r\n\t\t\t\t\t<\/div>\r\n\r\n\t\t\t<\/div>\r\n<\/div><div class=\"lswssp-slide lswssp-post-3607\">\r\n\t<div class=\"lswssp-slide-inner\">\r\n\t\t<div class=\"lswssp-logo-img-wrap\">\r\n\t\t\t\t\t\t\t<a href=\"http:\/\/www.rabl-druck.at\/\" class=\"lswssp-logo-img-link\" target=\"_blank\"><img decoding=\"async\" src=\"https:\/\/www.asvschrems.com\/fussball\/wp-content\/uploads\/2023\/07\/Rabl-Druck.png\" class=\"lswssp-logo-img\" alt=\"Rabl-Druck\" \/><\/a>\r\n\t\t\t\t\t<\/div>\r\n\r\n\t\t\t<\/div>\r\n<\/div><div class=\"lswssp-slide lswssp-post-955\">\r\n\t<div class=\"lswssp-slide-inner\">\r\n\t\t<div class=\"lswssp-logo-img-wrap\">\r\n\t\t\t\t\t\t\t<a href=\"https:\/\/schremser.at\" class=\"lswssp-logo-img-link\" target=\"_blank\"><img decoding=\"async\" src=\"https:\/\/www.asvschrems.com\/fussball\/wp-content\/uploads\/2017\/09\/Schremser.jpg\" class=\"lswssp-logo-img\" alt=\"Schremser Bier\" \/><\/a>\r\n\t\t\t\t\t<\/div>\r\n\r\n\t\t\t<\/div>\r\n<\/div><div class=\"lswssp-slide lswssp-post-1801\">\r\n\t<div class=\"lswssp-slide-inner\">\r\n\t\t<div class=\"lswssp-logo-img-wrap\">\r\n\t\t\t\t\t\t\t<a href=\"https:\/\/www.ableidinger.at\/\" class=\"lswssp-logo-img-link\" target=\"_blank\"><img decoding=\"async\" src=\"https:\/\/www.asvschrems.com\/fussball\/wp-content\/uploads\/2018\/08\/tischlereiableidinger.jpg\" class=\"lswssp-logo-img\" alt=\"Tischlerei Ableidinger\" \/><\/a>\r\n\t\t\t\t\t<\/div>\r\n\r\n\t\t\t<\/div>\r\n<\/div><div class=\"lswssp-slide lswssp-post-3518\">\r\n\t<div class=\"lswssp-slide-inner\">\r\n\t\t<div class=\"lswssp-logo-img-wrap\">\r\n\t\t\t\t\t\t\t<a href=\"https:\/\/www.sparkasse.at\/waldviertler-sparkasse\/privatkunden\" class=\"lswssp-logo-img-link\" target=\"_blank\"><img decoding=\"async\" src=\"https:\/\/www.asvschrems.com\/fussball\/wp-content\/uploads\/2018\/01\/waldviertler-sparkasse.png\" class=\"lswssp-logo-img\" alt=\"Waldviertler Sparkasse\" \/><\/a>\r\n\t\t\t\t\t<\/div>\r\n\r\n\t\t\t<\/div>\r\n<\/div>\t<\/div>\r\n<\/div>[\/vc_column_text][\/vc_column][\/vc_row]<\/p>\n<\/div>","protected":false},"excerpt":{"rendered":"<p>[vc_row][vc_column][vc_column_text css=&#8220;&#8220;] Werde Teil des ASV \u2013 Gemeinsam Zukunft gestalten &#8211; Stolz auf heute. Mut f\u00fcr morgen. Verwurzelt im Waldviertel. ASV #einLebenlang. [\/vc_column_text][\/vc_column][\/vc_row][vc_row][vc_column width=&#8220;1\/2&#8243;][vc_icon type=&#8220;entypo&#8220; icon_entypo=&#8220;entypo-icon entypo-icon-star&#8220; color=&#8220;custom&#8220; background_style=&#8220;rounded-outline&#8220; align=&#8220;center&#8220; custom_color=&#8220;#aa1616&#8243;][vc_text_separator title=&#8220;Anh\u00e4ngerklub&#8220; color=&#8220;custom&#8220; border_width=&#8220;2&#8243; accent_color=&#8220;#aa1616&#8243;][vc_column_text] Mit dieser wertvollen Art der Unterst\u00fctzung garantierst du unseren Spielern, und vor allem unserem Nachwuchs ein professionelles Umfeld, und auch&hellip;<\/p>\n","protected":false},"author":1,"featured_media":0,"parent":0,"menu_order":0,"comment_status":"closed","ping_status":"closed","template":"","meta":{"inline_featured_image":false,"footnotes":""},"class_list":["post-2050","page","type-page","status-publish","hentry","description-off"],"_links":{"self":[{"href":"https:\/\/www.asvschrems.com\/fussball\/wp-json\/wp\/v2\/pages\/2050","targetHints":{"allow":["GET"]}}],"collection":[{"href":"https:\/\/www.asvschrems.com\/fussball\/wp-json\/wp\/v2\/pages"}],"about":[{"href":"https:\/\/www.asvschrems.com\/fussball\/wp-json\/wp\/v2\/types\/page"}],"author":[{"embeddable":true,"href":"https:\/\/www.asvschrems.com\/fussball\/wp-json\/wp\/v2\/users\/1"}],"replies":[{"embeddable":true,"href":"https:\/\/www.asvschrems.com\/fussball\/wp-json\/wp\/v2\/comments?post=2050"}],"version-history":[{"count":4,"href":"https:\/\/www.asvschrems.com\/fussball\/wp-json\/wp\/v2\/pages\/2050\/revisions"}],"predecessor-version":[{"id":4610,"href":"https:\/\/www.asvschrems.com\/fussball\/wp-json\/wp\/v2\/pages\/2050\/revisions\/4610"}],"wp:attachment":[{"href":"https:\/\/www.asvschrems.com\/fussball\/wp-json\/wp\/v2\/media?parent=2050"}],"curies":[{"name":"wp","href":"https:\/\/api.w.org\/{rel}","templated":true}]}}