{"id":2784,"date":"2021-09-15T12:45:50","date_gmt":"2021-09-15T10:45:50","guid":{"rendered":"https:\/\/www.asvschrems.com\/fussball\/?page_id=2784"},"modified":"2025-08-18T22:02:30","modified_gmt":"2025-08-18T20:02:30","slug":"tabelle-km","status":"publish","type":"page","link":"https:\/\/www.asvschrems.com\/fussball\/km1\/tabelle-km\/","title":{"rendered":"Tabelle"},"content":{"rendered":"<div class=\"wpb-content-wrapper\"><p>[vc_row][vc_column][vc_column_text]<script id='fv-714d9b5bf0'>\n(function(o,e,f,b,_,a,t){o[e]=o[e]||function(){(o[e].q=o[e].q||[])\n.push(arguments)};a=f.createElement(b);t=f.getElementsByTagName(b)\n[0];a.async=1;a.src=_;t.parentNode.insertBefore(a,t)})(window,'fv'\n,document,'script','\/\/vereine.oefb.at\/widgets.js');\nfv('714d9b5bf0'); \/\/ TABELLE DESKTOP KM\n<\/script>[\/vc_column_text][\/vc_column][\/vc_row][vc_row][vc_column][vc_column_text css=&#8220;&#8220;]    <style>\n      \/* Wrapper: Standard + Full-Bleed auf Mobile, damit rechts kein Platz verschenkt wird *\/\n      .oefb-table-wrap { width:100%; overflow-x:auto; -webkit-overflow-scrolling:touch; }\n\n      \/* Full-Bleed nur auf kleinen Screens (passt die Tabelle an den Viewport an) *\/\n      @media (max-width: 700px){\n        .oefb-table-wrap {\n          \/* Nimmt horizontal den vollen Viewport ein, unabh\u00e4ngig vom Theme-Innenabstand *\/\n          margin-left: calc(50% - 50vw);\n          margin-right: calc(50% - 50vw);\n          padding-left: max(12px, env(safe-area-inset-left));\n          padding-right: max(12px, env(safe-area-inset-right));\n        }\n      }\n\n      .oefb-table{\n        width:100%;\n        border-collapse:collapse;\n        font-size:14px;\n        table-layout:fixed; \/* Desktop: verhindert Aufbl\u00e4hen durch sehr lange Namen *\/\n      }\n\n      \/* Richtwerte f\u00fcr Desktop\/Tablet \u2013 auf Mobile schalten wir sie ab *\/\n      .oefb-table col.rank   { width: 3.2ch; }\n      .oefb-table col.team   { width: auto; }\n      .oefb-table col.played { width: 4.4ch; }\n      .oefb-table col.s      { width: 3.6ch; }\n      .oefb-table col.u      { width: 3.6ch; }\n      .oefb-table col.n      { width: 3.6ch; }\n      .oefb-table col.gd     { width: 4.6ch; }\n      .oefb-table col.diff   { width: 4.6ch; }\n      .oefb-table col.pts    { width: 4.8ch; }\n\n      .oefb-table th,\n      .oefb-table td{\n        padding:8px 10px;\n        border-bottom:1px solid #e7e7e7;\n        text-align:center;\n        white-space:nowrap; \/* Standard: Stat-Zellen einzeilig *\/\n      }\n\n      \/* Teamspalte: darf umbrechen *\/\n      .oefb-table th:nth-child(2),\n      .oefb-table td:nth-child(2){\n        text-align:left;\n        white-space:normal;\n      }\n\n      \/* Teamzelle: Bild + Name im Grid *\/\n      .oefb-table .team-cell{\n        display:grid;\n        grid-template-columns: 20px auto;\n        align-items:center;\n        gap:8px;\n        min-width:0;\n      }\n      .oefb-table .team-cell img{\n        width:20px; height:20px; object-fit:contain; border-radius:3px; flex:0 0 auto;\n      }\n      .oefb-table .team-name{\n        min-width:0;\n        line-height:1.25;\n        overflow-wrap:normal;   \/* weniger aggressiv als anywhere *\/\n        word-break:normal;\n        \/* Auf zwei Zeilen begrenzen + Ellipsis, damit die Zeile nicht zu hoch wird *\/\n        display:-webkit-box;\n        -webkit-line-clamp:2;\n        -webkit-box-orient:vertical;\n        overflow:hidden;\n      }\n\n      \/* Kleinere Screens: kompakter + flexible Breite *\/\n      @media (max-width:700px){\n        .oefb-table{\n          table-layout:auto;    \/* l\u00e4sst Inhalt nat\u00fcrlicher flie\u00dfen *\/\n        }\n        .oefb-table colgroup{ display:none; } \/* starre Breiten aus *\/\n        .oefb-table th,\n        .oefb-table td{ padding:7px 8px; font-size:13px; }\n        .oefb-table .team-cell{ grid-template-columns: 18px auto; gap:6px; }\n        .oefb-table .team-cell img{ width:18px; height:18px; }\n\n        \/* wie gehabt ein paar Spalten ausblenden *\/\n        .oefb-table th:nth-child(4),\n        .oefb-table td:nth-child(4),\n        .oefb-table th:nth-child(5),\n        .oefb-table td:nth-child(5),\n        .oefb-table th:nth-child(6),\n        .oefb-table td:nth-child(6),\n        .oefb-table th:nth-child(8),\n        .oefb-table td:nth-child(8){ display:none; }\n      }\n\n      \/* Optional: Punkte sichtbar priorisieren *\/\n      .oefb-table td:last-child{ font-weight:600; }\n    <\/style>\n    <div class=\"oefb-table-wrap\"><table class=\"oefb-table\"><colgroup><col class=\"rank\"><col class=\"team\"><col class=\"played\"><col class=\"s\"><col class=\"u\"><col class=\"n\"><col class=\"gd\"><col class=\"diff\"><col class=\"pts\"><\/colgroup><div class=\"oefb-section-title\">Tabelle<\/div><thead><tr><th>#<\/th><th>Team<\/th><th>Sp.<\/th><th>S<\/th><th>U<\/th><th>N<\/th><th>Torv.<\/th><th>+\/-<\/th><th>Pkt.<\/th><\/tr><\/thead><tbody><tr><td>1<\/td><td><span class=\"team-cell\"><img decoding=\"async\" src=\"https:\/\/vereine.oefb.at\/vereine3\/images\/834733022602002384_1c7790111b7deb38184a-1,0-50x50.png\" alt=\"\" loading=\"lazy\"><span class=\"team-name\">Scheiblingkirchen-Warth<\/span><\/span><\/td><td>23<\/td><td>13<\/td><td>8<\/td><td>2<\/td><td>47:20<\/td><td>27<\/td><td>47<\/td><\/tr><tr><td>2<\/td><td><span class=\"team-cell\"><img decoding=\"async\" src=\"https:\/\/vereine.oefb.at\/vereine3\/images\/834733022602002384_babf605156a72f0176e2-1,0-50x50.png\" alt=\"\" loading=\"lazy\"><span class=\"team-name\">Ybbs<\/span><\/span><\/td><td>23<\/td><td>11<\/td><td>6<\/td><td>6<\/td><td>39:27<\/td><td>12<\/td><td>39<\/td><\/tr><tr><td>3<\/td><td><span class=\"team-cell\"><img decoding=\"async\" src=\"https:\/\/vereine.oefb.at\/vereine3\/images\/834733022602002384_33cc3ef373e88dc8db8d-1,0-50x50.png\" alt=\"\" loading=\"lazy\"><span class=\"team-name\">Wieselburg<\/span><\/span><\/td><td>23<\/td><td>11<\/td><td>6<\/td><td>6<\/td><td>41:31<\/td><td>10<\/td><td>39<\/td><\/tr><tr><td>4<\/td><td><span class=\"team-cell\"><img decoding=\"async\" src=\"https:\/\/vereine.oefb.at\/vereine3\/images\/834733022602002384_f892ee18deff2c6305b9-1,0-50x50.png\" alt=\"\" loading=\"lazy\"><span class=\"team-name\">Langenrohr<\/span><\/span><\/td><td>23<\/td><td>11<\/td><td>5<\/td><td>7<\/td><td>35:37<\/td><td>-2<\/td><td>38<\/td><\/tr><tr><td>5<\/td><td><span class=\"team-cell\"><img decoding=\"async\" src=\"https:\/\/vereine.oefb.at\/vereine3\/images\/834733022602002384_be401a5f24ababc7da02-1,0-50x50.png\" alt=\"\" loading=\"lazy\"><span class=\"team-name\">Admira Wacker Amat.<\/span><\/span><\/td><td>23<\/td><td>11<\/td><td>4<\/td><td>8<\/td><td>53:35<\/td><td>18<\/td><td>37<\/td><\/tr><tr><td>6<\/td><td><span class=\"team-cell\"><img decoding=\"async\" src=\"https:\/\/vereine.oefb.at\/vereine3\/images\/834733022602002384_2b27c4135fab1475b45f-1,0-50x50.png\" alt=\"\" loading=\"lazy\"><span class=\"team-name\">Ebreichsdorf<\/span><\/span><\/td><td>23<\/td><td>10<\/td><td>5<\/td><td>8<\/td><td>47:38<\/td><td>9<\/td><td>35<\/td><\/tr><tr><td>7<\/td><td><span class=\"team-cell\"><img decoding=\"async\" src=\"https:\/\/vereine.oefb.at\/vereine3\/images\/834733022602002384_75f95caa0e5fb60c887a-1,0-50x50.png\" alt=\"\" loading=\"lazy\"><span class=\"team-name\">Fortuna Wiener Neustadt<\/span><\/span><\/td><td>23<\/td><td>9<\/td><td>7<\/td><td>7<\/td><td>36:25<\/td><td>11<\/td><td>34<\/td><\/tr><tr><td>8<\/td><td><span class=\"team-cell\"><img decoding=\"async\" src=\"https:\/\/vereine.oefb.at\/vereine3\/images\/834733022602002384_8f10c27cedb04ba2ddf0-1,0-50x50.png\" alt=\"\" loading=\"lazy\"><span class=\"team-name\">SG Ardagger\/Neustadtl<\/span><\/span><\/td><td>23<\/td><td>8<\/td><td>9<\/td><td>6<\/td><td>30:23<\/td><td>7<\/td><td>33<\/td><\/tr><tr><td>9<\/td><td><span class=\"team-cell\"><img decoding=\"async\" src=\"https:\/\/vereine.oefb.at\/vereine3\/images\/834733022602002384_238cc9800a56692e9824-1,0-50x50.png\" alt=\"\" loading=\"lazy\"><span class=\"team-name\">Zwettl<\/span><\/span><\/td><td>23<\/td><td>9<\/td><td>6<\/td><td>8<\/td><td>38:38<\/td><td>0<\/td><td>33<\/td><\/tr><tr><td>10<\/td><td><span class=\"team-cell\"><img decoding=\"async\" src=\"https:\/\/vereine.oefb.at\/vereine3\/images\/834733022602002384_6f2dcda474b2610e147d-1,0-50x50.png\" alt=\"\" loading=\"lazy\"><span class=\"team-name\">St. Peter\/Au<\/span><\/span><\/td><td>23<\/td><td>8<\/td><td>7<\/td><td>8<\/td><td>32:44<\/td><td>-12<\/td><td>31<\/td><\/tr><tr><td>11<\/td><td><span class=\"team-cell\"><img decoding=\"async\" src=\"https:\/\/vereine.oefb.at\/vereine3\/images\/834733022602002384_c43dc9312a1c6e8f17f7-1,0-50x50.png\" alt=\"\" loading=\"lazy\"><span class=\"team-name\">SKN St. P\u00f6lten Amat.<\/span><\/span><\/td><td>23<\/td><td>8<\/td><td>5<\/td><td>10<\/td><td>39:35<\/td><td>4<\/td><td>29<\/td><\/tr><tr><td>12<\/td><td><span class=\"team-cell\"><img decoding=\"async\" src=\"https:\/\/vereine.oefb.at\/vereine3\/images\/834733022602002384_3e0f87cd771f96ff4546-1,0-50x50.png\" alt=\"\" loading=\"lazy\"><span class=\"team-name\">SG Ortmann\/Oed-Waldegg<\/span><\/span><\/td><td>23<\/td><td>7<\/td><td>7<\/td><td>9<\/td><td>32:31<\/td><td>1<\/td><td>28<\/td><\/tr><tr><td>13<\/td><td><span class=\"team-cell\"><img decoding=\"async\" src=\"https:\/\/vereine.oefb.at\/vereine3\/images\/834733022602002384_97cbed6ff44ecb94940b-1,0-50x50.png\" alt=\"\" loading=\"lazy\"><span class=\"team-name\">SG Korneuburg\/Stetten<\/span><\/span><\/td><td>23<\/td><td>6<\/td><td>7<\/td><td>10<\/td><td>26:40<\/td><td>-14<\/td><td>25<\/td><\/tr><tr><td>14<\/td><td><span class=\"team-cell\"><img decoding=\"async\" src=\"https:\/\/vereine.oefb.at\/vereine3\/images\/834733022602002384_159be7cfdd8c12c5f75e-1,0-50x50.png\" alt=\"\" loading=\"lazy\"><span class=\"team-name\">Stockerau<\/span><\/span><\/td><td>23<\/td><td>5<\/td><td>6<\/td><td>12<\/td><td>26:41<\/td><td>-15<\/td><td>21<\/td><\/tr><tr><td>15<\/td><td><span class=\"team-cell\"><img decoding=\"async\" src=\"https:\/\/vereine.oefb.at\/vereine3\/images\/834733022602002384_15f98e70d772ba4d0162-1,0-50x50.png\" alt=\"\" loading=\"lazy\"><span class=\"team-name\">Kilb<\/span><\/span><\/td><td>23<\/td><td>4<\/td><td>7<\/td><td>12<\/td><td>31:51<\/td><td>-20<\/td><td>19<\/td><\/tr><tr style=\"background:#ffa2a2;\"><td>16<\/td><td><span class=\"team-cell\"><img decoding=\"async\" src=\"https:\/\/vereine.oefb.at\/vereine3\/images\/834733022602002384_749e427d896ea6702a3f-1,0-50x50.png\" alt=\"\" loading=\"lazy\"><span class=\"team-name\">Schrems<\/span><\/span><\/td><td>23<\/td><td>4<\/td><td>3<\/td><td>16<\/td><td>25:61<\/td><td>-36<\/td><td>15<\/td><\/tr><\/tbody><\/table><\/div>[\/vc_column_text][\/vc_column][\/vc_row]<\/p>\n<\/div>","protected":false},"excerpt":{"rendered":"<p>[vc_row][vc_column][vc_column_text][\/vc_column_text][\/vc_column][\/vc_row][vc_row][vc_column][vc_column_text css=&#8220;&#8220;][\/vc_column_text][\/vc_column][\/vc_row]<\/p>\n","protected":false},"author":1,"featured_media":0,"parent":2789,"menu_order":0,"comment_status":"closed","ping_status":"closed","template":"","meta":{"inline_featured_image":false,"footnotes":""},"class_list":["post-2784","page","type-page","status-publish","hentry","description-off"],"_links":{"self":[{"href":"https:\/\/www.asvschrems.com\/fussball\/wp-json\/wp\/v2\/pages\/2784","targetHints":{"allow":["GET"]}}],"collection":[{"href":"https:\/\/www.asvschrems.com\/fussball\/wp-json\/wp\/v2\/pages"}],"about":[{"href":"https:\/\/www.asvschrems.com\/fussball\/wp-json\/wp\/v2\/types\/page"}],"author":[{"embeddable":true,"href":"https:\/\/www.asvschrems.com\/fussball\/wp-json\/wp\/v2\/users\/1"}],"replies":[{"embeddable":true,"href":"https:\/\/www.asvschrems.com\/fussball\/wp-json\/wp\/v2\/comments?post=2784"}],"version-history":[{"count":6,"href":"https:\/\/www.asvschrems.com\/fussball\/wp-json\/wp\/v2\/pages\/2784\/revisions"}],"predecessor-version":[{"id":4956,"href":"https:\/\/www.asvschrems.com\/fussball\/wp-json\/wp\/v2\/pages\/2784\/revisions\/4956"}],"up":[{"embeddable":true,"href":"https:\/\/www.asvschrems.com\/fussball\/wp-json\/wp\/v2\/pages\/2789"}],"wp:attachment":[{"href":"https:\/\/www.asvschrems.com\/fussball\/wp-json\/wp\/v2\/media?parent=2784"}],"curies":[{"name":"wp","href":"https:\/\/api.w.org\/{rel}","templated":true}]}}