{"id":2920,"date":"2022-02-05T07:40:01","date_gmt":"2022-02-05T06:40:01","guid":{"rendered":"https:\/\/www.asvschrems.com\/fussball\/?page_id=2920"},"modified":"2024-11-21T13:15:11","modified_gmt":"2024-11-21T12:15:11","slug":"impressum","status":"publish","type":"page","link":"https:\/\/www.asvschrems.com\/fussball\/impressum\/","title":{"rendered":"Impressum &#038; DSGVO"},"content":{"rendered":"<div><strong><strong>Angaben gem\u00e4\u00df \u00a75 TMG:<br \/>\n<\/strong><\/strong><\/p>\n<div><strong>Offenlegung \u00a7 25 MedienG Medieninhaber und Herausgeber:<\/strong><\/div>\n<div>\n<p>Arbeitersportverein (ASV) Schrems<\/p>\n<div>Dr. Biegelmeier Platz 1<\/div>\n<div>3943 Schrems<\/div>\n<\/div>\n<div>ZVR: 121543231<br \/>\nE-Mail Adresse: <a href=\"mailto:fussball@asvschrems.com\">fussball@asvschrems.com<\/a><\/div>\n<\/div>\n<div>Internet:\u00a0<a href=\"https:\/\/asvschrems.com\/fussball\">asvschrems.com\/fussball<\/a><\/div>\n<div><\/div>\n<div><strong>Vertreten durch: <\/strong><br \/>\nObmann Markus Dudek, 06646632170, <a href=\"mailto:markus.dudek@asvschrems.com\">markus.dudek@asvschrems.com<\/a><\/div>\n<div><\/div>\n<div><strong>Grundlegende Richtung:<\/strong><\/div>\n<div>Information f\u00fcr Fans und Mitglieder des ASV Schrems<\/div>\n<div><\/div>\n<div><strong>Haftung:<\/strong><\/div>\n<div>S\u00e4mtliche Texte auf der Website wurden sorgf\u00e4ltig gepr\u00fcft. Dessen ungeachtet kann keine Garantie f\u00fcr Richtigkeit, Vollst\u00e4ndigkeit und Aktualit\u00e4t der Angaben \u00fcbernommen werden.<\/div>\n<div><\/div>\n<div><strong>Copyright:<\/strong><\/div>\n<div>S\u00e4mtliche Texte, Grafiken und Bilder sind urheberrechtlich gesch\u00fctzt; eine Verwendung ist nur mit ausdr\u00fccklicher Genehmigung des Erstellers m\u00f6glich.<\/div>\n<div><\/div>\n<div><strong>Links:<\/strong><\/div>\n<div>Links auf diese Website &#8211; auch auf Seiten in der Tiefe &#8211; sind erw\u00fcnscht. Eigene Links auf fremde Seiten stellen nur Wegweiser zu diesen Seiten dar und es wird f\u00fcr diese Seiten keinerlei Haftung \u00fcbernommen. Sollte eine der Seiten, auf die gelinkt wird, bedenkliche oder rechtswidrige Inhalte aufweisen, wird um Mitteilung ersucht; in einem solchen Falle wird der Link sofort gel\u00f6scht.<\/div>\n<p><a class=\"iubenda-white iubenda-noiframe iubenda-embed iubenda-noiframe \" title=\"Datenschutzerkl\u00e4rung \" href=\"https:\/\/www.iubenda.com\/privacy-policy\/89024521\">Datenschutzerkl\u00e4rung<\/a><script type=\"text\/javascript\">(function (w,d) {var loader = function () {var s = d.createElement(\"script\"), tag = d.getElementsByTagName(\"script\")[0]; s.src=\"https:\/\/cdn.iubenda.com\/iubenda.js\"; tag.parentNode.insertBefore(s,tag);}; if(w.addEventListener){w.addEventListener(\"load\", loader, false);}else if(w.attachEvent){w.attachEvent(\"onload\", loader);}else{w.onload = loader;}})(window, document);<\/script><\/p>\n<p><b>Erhebung und Verarbeitung bei Nutzung der Kontaktformulare<\/b><br \/>\nBei Nutzung unseres Kontaktformulars oder per E-Mail Kontakt erheben wir personenbezogene Daten nur in dem von Ihnen zur Verf\u00fcgung gestellten Umfang. Ihre E-Mail-Adresse nutzen wir nur zur Bearbeitung Ihrer Anfrage und wird f\u00fcr den Fall von Anschlussfragen bei uns gespeichert. Diese Daten geben wir nicht ohne Ihre Einwilligung weiter. Ihre Daten werden nach 12 Monaten gel\u00f6scht, sofern Sie der weitergehenden Verarbeitung und Nutzung nicht zugestimmt haben.<\/p>\n<div><b>Eingebettete Social Media Elemente Datenschutzerkl\u00e4rung<\/b><\/div>\n<div>Wir binden auf unserer Webseite Elemente von Facebook-Diensten ein um Bilder, Videos und Texte anzuzeigen.<br \/>\nDurch den Besuch von Seiten, die diese Elemente darstellen, werden Daten von Ihrem Browser zum jeweiligen Social Media Dienst \u00fcbertragen und dort gespeichert. Wir haben keinen Zugriff auf diese Daten. Durch den Besuch unserer Webseite k\u00f6nnen Informationen an Facebook \u00fcbermittelt werden. Wenn Sie \u00fcber ein Facebook-Konto verf\u00fcgen, kann Facebook diese Daten Ihrem pers\u00f6nlichen Konto zuordnen. Sollten Sie das nicht w\u00fcnschen, melden Sie sich bitte von Facebook ab.<br \/>\nDer folgende Link f\u00fchrt Sie zu den Seiten der jeweiligen Social Media Dienste wo erkl\u00e4rt wird, wie diese mit Ihren Daten umgehen:<\/p>\n<ul class=\"adsimple-211094453\">\n<li class=\"adsimple-211094453\">Facebook-Datenschutzrichtline:\u00a0<a class=\"adsimple-211094453\" href=\"https:\/\/www.facebook.com\/about\/privacy?tid=211094453\" target=\"_blank\" rel=\"noopener\">https:\/\/www.facebook.com\/about\/privacy<\/a><\/li>\n<\/ul>\n<div id=\"cont-6940\" class=\"cms_container haslayout bhv-container\">\n<div id=\"col-6941\" class=\"cms_container bhv-col col-100\">\n<div id=\"text-6942\" class=\"bhv-text haslayout editable\"><b>Notwendige Cookies<\/b><\/div>\n<div id=\"text-6943\" class=\"bhv-text haslayout editable\">\n<p>Unsere Website verwendet so genannte Cookies. Dabei handelt es sich um kleine Textdateien, die mit Hilfe des Browsers auf Ihrem Endger\u00e4t abgelegt werden.<\/p>\n<p>Notwendige Cookies helfen dabei, eine Webseite nutzbar zu machen, indem sie Grundfunktionen wie Seitennavigation und Zugriff auf sichere Bereiche der Webseite erm\u00f6glichen. Die Webseite kann ohne diese Cookies nicht richtig funktionieren.<\/p>\n<\/div>\n<\/div>\n<\/div>\n<\/div>\n","protected":false},"excerpt":{"rendered":"<p>Angaben gem\u00e4\u00df \u00a75 TMG: Offenlegung \u00a7 25 MedienG Medieninhaber und Herausgeber: Arbeitersportverein (ASV) Schrems Dr. Biegelmeier Platz 1 3943 Schrems ZVR: 121543231 E-Mail Adresse: fussball@asvschrems.com Internet:\u00a0asvschrems.com\/fussball Vertreten durch: Obmann Markus Dudek, 06646632170, markus.dudek@asvschrems.com Grundlegende Richtung: Information f\u00fcr Fans und Mitglieder des ASV Schrems Haftung: S\u00e4mtliche Texte auf der Website wurden sorgf\u00e4ltig gepr\u00fcft. Dessen ungeachtet kann&hellip;<\/p>\n","protected":false},"author":1,"featured_media":0,"parent":0,"menu_order":0,"comment_status":"closed","ping_status":"closed","template":"","meta":{"inline_featured_image":false,"footnotes":""},"class_list":["post-2920","page","type-page","status-publish","hentry","description-off"],"_links":{"self":[{"href":"https:\/\/www.asvschrems.com\/fussball\/wp-json\/wp\/v2\/pages\/2920","targetHints":{"allow":["GET"]}}],"collection":[{"href":"https:\/\/www.asvschrems.com\/fussball\/wp-json\/wp\/v2\/pages"}],"about":[{"href":"https:\/\/www.asvschrems.com\/fussball\/wp-json\/wp\/v2\/types\/page"}],"author":[{"embeddable":true,"href":"https:\/\/www.asvschrems.com\/fussball\/wp-json\/wp\/v2\/users\/1"}],"replies":[{"embeddable":true,"href":"https:\/\/www.asvschrems.com\/fussball\/wp-json\/wp\/v2\/comments?post=2920"}],"version-history":[{"count":3,"href":"https:\/\/www.asvschrems.com\/fussball\/wp-json\/wp\/v2\/pages\/2920\/revisions"}],"predecessor-version":[{"id":4412,"href":"https:\/\/www.asvschrems.com\/fussball\/wp-json\/wp\/v2\/pages\/2920\/revisions\/4412"}],"wp:attachment":[{"href":"https:\/\/www.asvschrems.com\/fussball\/wp-json\/wp\/v2\/media?parent=2920"}],"curies":[{"name":"wp","href":"https:\/\/api.w.org\/{rel}","templated":true}]}}