{"id":4189,"date":"2024-09-14T15:18:31","date_gmt":"2024-09-14T13:18:31","guid":{"rendered":"https:\/\/www.asvschrems.com\/fussball\/?page_id=4189"},"modified":"2025-10-13T18:26:47","modified_gmt":"2025-10-13T16:26:47","slug":"adventpokalturnier","status":"publish","type":"page","link":"https:\/\/www.asvschrems.com\/fussball\/adventpokalturnier\/","title":{"rendered":"Adventpokal Hallenfu\u00dfballturnier 2025"},"content":{"rendered":"<div class=\"wpb-content-wrapper\"><p>[vc_row][vc_column][vc_column_text css=&#8220;&#8220;]<\/p>\n<div id=\"snow\"><\/div>\n<p>[\/vc_column_text][vc_column_text css_animation=&#8220;rollIn&#8220; css=&#8220;&#8220;]<img loading=\"lazy\" decoding=\"async\" class=\"aligncenter wp-image-5458 \" src=\"https:\/\/www.asvschrems.com\/fussball\/wp-content\/uploads\/2025\/09\/logo-no-bg-1024x518.png\" alt=\"\" width=\"871\" height=\"440\" srcset=\"https:\/\/www.asvschrems.com\/fussball\/wp-content\/uploads\/2025\/09\/logo-no-bg-1024x518.png 1024w, https:\/\/www.asvschrems.com\/fussball\/wp-content\/uploads\/2025\/09\/logo-no-bg-300x152.png 300w, https:\/\/www.asvschrems.com\/fussball\/wp-content\/uploads\/2025\/09\/logo-no-bg-768x388.png 768w, https:\/\/www.asvschrems.com\/fussball\/wp-content\/uploads\/2025\/09\/logo-no-bg-1536x777.png 1536w, https:\/\/www.asvschrems.com\/fussball\/wp-content\/uploads\/2025\/09\/logo-no-bg-2048x1036.png 2048w\" sizes=\"auto, (max-width: 871px) 100vw, 871px\" \/>[\/vc_column_text][vc_column_text css_animation=&#8220;flipInX&#8220; css=&#8220;.vc_custom_1758602994012{margin-bottom: 55px !important;}&#8220;]<\/p>\n<h1 style=\"text-align: center;\"><em>S\u00fc\u00dfer die Tore nicht klingeln&#8230;<\/em><\/h1>\n<p>[\/vc_column_text][vc_column_text css=&#8220;&#8220;]<\/p>\n<div class=\"video-wrap\"><video id=\"adventvideo\" poster=\"\" preload=\"auto\" autoplay=\"autoplay\" loop=\"loop\" muted=\"\" width=\"auto\" height=\"auto\"><source src=\"https:\/\/www.asvschrems.com\/fussball\/wp-content\/uploads\/2025\/09\/adventpokal.mp4\" type=\"video\/mp4\" \/><\/video><\/div>\n<p><script>\n  \/\/ Fallback: explizit versuchen zu spielen (hilft manchmal)\n  document.addEventListener('DOMContentLoaded', function(){\n    var v = document.getElementById('adventvideo');\n    \/\/ defensive flags (setzt auch wenn WP das Attribut entfernt hat)\n    v.muted = true;\n    v.playsInline = true;\n    v.setAttribute('playsinline','');\n    v.setAttribute('webkit-playsinline','');\n    \/\/ try play\n    v.play().then(function(){ \n      console.log('video playing');\n    }).catch(function(err){\n      console.log('play failed:', err);\n    });\n  });\n<\/script>[\/vc_column_text]<div class=\" ubtn-ctn-center \"><a class=\"ubtn-link ult-adjust-bottom-margin ubtn-center ubtn-block \" href=\"https:\/\/docs.google.com\/forms\/d\/e\/1FAIpQLScYpT4wmrrr2OFYsQNZQ7vr0w_0wVb5_A3_bHD7BkhmAtiTOw\/viewform\" target=\"_blank\" rel=\"noopener\" ><button type=\"button\" id=\"ubtn-4362\"  class=\"ubtn ult-adjust-bottom-margin ult-responsive ubtn-block ubtn-no-hover-bg  ulta-hover  ubtn-sep-icon ubtn-sep-icon-at-left  ubtn-center   tooltip-69fe43659cec5 ubtn-block\"  data-hover=\"\" data-border-color=\"\" data-bg=\"#eeee22\" data-hover-bg=\"#F8F895\" data-border-hover=\"\" data-shadow-hover=\"\" data-shadow-click=\"none\" data-shadow=\"\" data-shd-shadow=\"\"  data-ultimate-target='#ubtn-4362'  data-responsive-json-new='{\"font-size\":\"desktop:20px;\",\"line-height\":\"\"}'  style=\"font-weight:bold;border:none;background: #eeee22;color: #0f0000;\"><span class=\"ubtn-data ubtn-icon\"><i class=\"Defaults-futbol-o soccer-ball-o\" style=\"font-size:32px;color:;\"><\/i><\/span><span class=\"ubtn-hover\" style=\"background-color:#F8F895\"><\/span><span class=\"ubtn-data ubtn-text \" >ZUR ANMELDUNG!<\/span><\/button><\/a><\/div>[\/vc_column][\/vc_row][vc_row][vc_column width=&#8220;1\/2&#8243;][vc_text_separator title=&#8220;1. Wochenende 28.11. &#8211; 30.11.&#8220; color=&#8220;black&#8220; css=&#8220;&#8220;][vc_column_text css=&#8220;.vc_custom_1758538325623{margin-bottom: 0px !important;}&#8220;]<\/p>\n<h4>Freitag, 28.11.<\/h4>\n<p>[\/vc_column_text][vc_btn title=&#8220;U7 Spielplan&#8220; color=&#8220;primary&#8220; align=&#8220;center&#8220; i_icon_fontawesome=&#8220;fa fa-solid fa-futbol&#8220; css_animation=&#8220;fadeIn&#8220; css=&#8220;&#8220; button_block=&#8220;true&#8220; add_icon=&#8220;true&#8220; link=&#8220;url:https%3A%2F%2Fwww.meinturnierplan.de%2Fshowit.php%3Fid%3D1747553522%26setlang%3Dde|target:_blank&#8220;][vc_column_text css=&#8220;.vc_custom_1758538354106{margin-bottom: 0px !important;}&#8220;]<\/p>\n<h4>Samstag, 29.11.<\/h4>\n<p>[\/vc_column_text][vc_btn title=&#8220;U8 Spielplan&#8220; color=&#8220;danger&#8220; align=&#8220;center&#8220; i_icon_fontawesome=&#8220;fa fa-solid fa-futbol&#8220; css_animation=&#8220;fadeIn&#8220; css=&#8220;&#8220; button_block=&#8220;true&#8220; add_icon=&#8220;true&#8220; link=&#8220;url:https%3A%2F%2Fwww.meinturnierplan.de%2Fshowit.php%3Fid%3D1758562415%26setlang%3Dde|target:_blank&#8220;][vc_btn title=&#8220;U10 Spielplan&#8220; color=&#8220;primary&#8220; align=&#8220;center&#8220; i_icon_fontawesome=&#8220;fa fa-solid fa-futbol&#8220; css_animation=&#8220;fadeIn&#8220; css=&#8220;&#8220; button_block=&#8220;true&#8220; add_icon=&#8220;true&#8220; link=&#8220;url:https%3A%2F%2Fwww.meinturnierplan.de%2Fshowit.php%3Fid%3D1758562829%26setlang%3Dde|target:_blank&#8220;][vc_column_text css=&#8220;.vc_custom_1758538362257{margin-bottom: 0px !important;}&#8220;]<\/p>\n<h4>Sonntag, 30.11.<\/h4>\n<p>[\/vc_column_text][vc_btn title=&#8220;U9 Spielplan&#8220; color=&#8220;danger&#8220; align=&#8220;center&#8220; i_icon_fontawesome=&#8220;fa fa-solid fa-futbol&#8220; css=&#8220;&#8220; button_block=&#8220;true&#8220; add_icon=&#8220;true&#8220; link=&#8220;url:https%3A%2F%2Fwww.meinturnierplan.de%2Fshowit.php%3Fid%3D1758562999%26setlang%3Dde|target:_blank&#8220;][vc_btn title=&#8220;U11 Spielplan&#8220; color=&#8220;primary&#8220; align=&#8220;center&#8220; i_icon_fontawesome=&#8220;fa fa-solid fa-futbol&#8220; css=&#8220;&#8220; button_block=&#8220;true&#8220; add_icon=&#8220;true&#8220; link=&#8220;url:https%3A%2F%2Fwww.meinturnierplan.de%2Fshowit.php%3Fid%3D1758563104%26setlang%3Dde|target:_blank&#8220;][\/vc_column][vc_column width=&#8220;1\/2&#8243;][vc_text_separator title=&#8220;2. Wochenende 05.12. &#8211; 07.12.&#8220; color=&#8220;black&#8220; css=&#8220;&#8220;][vc_column_text css=&#8220;.vc_custom_1758538386625{margin-bottom: 0px !important;}&#8220;]<\/p>\n<h4>Freitag, 05.12.<\/h4>\n<p>[\/vc_column_text][vc_btn title=&#8220;U14 Spielplan&#8220; color=&#8220;primary&#8220; align=&#8220;center&#8220; i_icon_fontawesome=&#8220;fa fa-solid fa-futbol&#8220; css_animation=&#8220;fadeIn&#8220; css=&#8220;&#8220; button_block=&#8220;true&#8220; add_icon=&#8220;true&#8220; link=&#8220;url:https%3A%2F%2Fwww.meinturnierplan.de%2Fshowit.php%3Fid%3D1758563524%26setlang%3Dde|target:_blank&#8220;][vc_column_text css=&#8220;.vc_custom_1758538406445{margin-bottom: 0px !important;}&#8220;]<\/p>\n<h4>Samstag, 06.12.<\/h4>\n<p>[\/vc_column_text][vc_btn title=&#8220;U13 Spielplan&#8220; color=&#8220;danger&#8220; align=&#8220;center&#8220; i_icon_fontawesome=&#8220;fa fa-solid fa-futbol&#8220; css_animation=&#8220;fadeIn&#8220; css=&#8220;&#8220; button_block=&#8220;true&#8220; add_icon=&#8220;true&#8220; link=&#8220;url:https%3A%2F%2Fwww.meinturnierplan.de%2Fshowit.php%3Fid%3D1758564101%26setlang%3Dde|target:_blank&#8220;][vc_btn title=&#8220;U15 Spielplan&#8220; color=&#8220;primary&#8220; align=&#8220;center&#8220; i_icon_fontawesome=&#8220;fa fa-solid fa-futbol&#8220; css=&#8220;&#8220; button_block=&#8220;true&#8220; add_icon=&#8220;true&#8220; link=&#8220;url:https%3A%2F%2Fwww.meinturnierplan.de%2Fshowit.php%3Fid%3D1758564233%26setlang%3Dde|target:_blank&#8220;][vc_column_text css=&#8220;.vc_custom_1758785494990{margin-bottom: 0px !important;}&#8220;]<\/p>\n<h4>Sonntag, 07.12.<\/h4>\n<p>[\/vc_column_text][vc_btn title=&#8220;U12 Spielplan&#8220; color=&#8220;danger&#8220; align=&#8220;center&#8220; i_icon_fontawesome=&#8220;fa fa-solid fa-futbol&#8220; css=&#8220;&#8220; button_block=&#8220;true&#8220; add_icon=&#8220;true&#8220; link=&#8220;url:https%3A%2F%2Fwww.meinturnierplan.de%2Fshowit.php%3Fid%3D1758563364%26setlang%3Dde|target:_blank&#8220;][vc_btn title=&#8220;U16 Spielplan&#8220; color=&#8220;primary&#8220; align=&#8220;center&#8220; i_icon_fontawesome=&#8220;fa fa-solid fa-futbol&#8220; css_animation=&#8220;fadeIn&#8220; css=&#8220;&#8220; button_block=&#8220;true&#8220; add_icon=&#8220;true&#8220; link=&#8220;url:https%3A%2F%2Fwww.meinturnierplan.de%2Fshowit.php%3Fid%3D1758564461%26setlang%3Dde|target:_blank&#8220;][\/vc_column][\/vc_row][vc_row][vc_column][vc_column_text css=&#8220;.vc_custom_1758603020540{margin-top: -20px !important;}&#8220;]<\/p>\n<p style=\"text-align: center;\"><strong>voraussichtliche Turnierpl\u00e4ne &#8211; \u00c4nderungen m\u00f6glich!<\/strong><\/p>\n<p>[\/vc_column_text][vc_text_separator title=&#8220;Regelwerk&#8220; color=&#8220;black&#8220; css=&#8220;.vc_custom_1758557138928{margin-top: 35px !important;margin-bottom: 15px !important;}&#8220;][\/vc_column][\/vc_row][vc_row][vc_column width=&#8220;1\/3&#8243;][vc_btn title=&#8220;Regeln f\u00fcr U7 Turnier&#8220; style=&#8220;classic&#8220; color=&#8220;success&#8220; align=&#8220;center&#8220; i_icon_fontawesome=&#8220;fa fa-solid fa-note-sticky&#8220; css=&#8220;&#8220; button_block=&#8220;true&#8220; add_icon=&#8220;true&#8220; link=&#8220;url:https%3A%2F%2Fwww.asvschrems.com%2Ffussball%2Fwp-content%2Fuploads%2F2025%2F09%2FTurnierbestimmungen_U7_Mini-Arena_20252009.pdf|target:_blank&#8220;][\/vc_column][vc_column width=&#8220;1\/3&#8243;][vc_btn title=&#8220;Regeln f\u00fcr die U8 &#8211; U11 Turniere&#8220; style=&#8220;classic&#8220; color=&#8220;success&#8220; align=&#8220;center&#8220; i_icon_fontawesome=&#8220;fa fa-solid fa-note-sticky&#8220; css=&#8220;&#8220; button_block=&#8220;true&#8220; add_icon=&#8220;true&#8220; link=&#8220;url:https%3A%2F%2Fwww.asvschrems.com%2Ffussball%2Fwp-content%2Fuploads%2F2025%2F09%2FTurnierbestimmungen_Kinderfussball_20251709.pdf|target:_blank&#8220;][\/vc_column][vc_column width=&#8220;1\/3&#8243;][vc_btn title=&#8220;Regeln f\u00fcr die U12 &#8211; U16 Turniere&#8220; style=&#8220;classic&#8220; color=&#8220;success&#8220; align=&#8220;center&#8220; i_icon_fontawesome=&#8220;fa fa-solid fa-note-sticky&#8220; css=&#8220;&#8220; button_block=&#8220;true&#8220; add_icon=&#8220;true&#8220; link=&#8220;url:https%3A%2F%2Fwww.asvschrems.com%2Ffussball%2Fwp-content%2Fuploads%2F2025%2F09%2FTurnierbestimmungen_Futsal_20251709.pdf|target:_blank&#8220;][\/vc_column][\/vc_row][vc_row][vc_column][vc_separator color=&#8220;black&#8220; css=&#8220;&#8220;][\/vc_column][\/vc_row][vc_row][vc_column][vc_column_text css=&#8220;&#8220;]<\/p>\n<h4 style=\"text-align: center;\"><strong>Unser traditionelles Adventpokalturnier geht in die 26. Runde!<\/strong><\/h4>\n<p>An sechs Spieltagen findet in der Stadthalle in Schrems das Adventpokalturnier statt.<\/p>\n<p>Wie gewohnt mit Spielen von U8 bis zur U16 und heuer neu:<\/p>\n<p>Ein U7 Turnier in einer eigenen Mini-Arena.<\/p>\n<p>&nbsp;<\/p>\n<p>Zur Anmeldung eurer Teams nutzt bitte den Anmelden-Button, f\u00fcr Fragen einfach unter <a href=\"mailto:nachwuchs@asvschrems.com\">nachwuchs@asvschrems.com<\/a> melden.<\/p>\n<p>&nbsp;<\/p>\n<p><strong>Wir freuen uns schon auf EUCH!<\/strong><\/p>\n<p>Liebe Gr\u00fc\u00dfe<\/p>\n<p>der ASV Schrems Nachwuchs[\/vc_column_text][vc_column_text css=&#8220;&#8220;]<img loading=\"lazy\" decoding=\"async\" class=\"aligncenter wp-image-5580 size-large\" src=\"https:\/\/www.asvschrems.com\/fussball\/wp-content\/uploads\/2025\/09\/Einladung-Adventpokal-1-724x1024.png\" alt=\"\" width=\"724\" height=\"1024\" srcset=\"https:\/\/www.asvschrems.com\/fussball\/wp-content\/uploads\/2025\/09\/Einladung-Adventpokal-1-724x1024.png 724w, https:\/\/www.asvschrems.com\/fussball\/wp-content\/uploads\/2025\/09\/Einladung-Adventpokal-1-212x300.png 212w, https:\/\/www.asvschrems.com\/fussball\/wp-content\/uploads\/2025\/09\/Einladung-Adventpokal-1-768x1086.png 768w, https:\/\/www.asvschrems.com\/fussball\/wp-content\/uploads\/2025\/09\/Einladung-Adventpokal-1-1086x1536.png 1086w, https:\/\/www.asvschrems.com\/fussball\/wp-content\/uploads\/2025\/09\/Einladung-Adventpokal-1-1448x2048.png 1448w, https:\/\/www.asvschrems.com\/fussball\/wp-content\/uploads\/2025\/09\/Einladung-Adventpokal-1-scaled.png 1810w\" sizes=\"auto, (max-width: 724px) 100vw, 724px\" \/>[\/vc_column_text][\/vc_column][\/vc_row][vc_row][vc_column][vc_column_text css=&#8220;&#8220;]<\/p>\n<h5 style=\"text-align: center;\"><strong>Auf <span style=\"color: #0000ff;\"><a style=\"color: #0000ff;\" href=\"https:\/\/www.facebook.com\/asvschrems\/\">Facebook<\/a> <\/span>und <span style=\"color: #ff0000;\"><a style=\"color: #ff0000;\" href=\"https:\/\/www.instagram.com\/asvschrems1923\/\">Instagram<\/a> <\/span>werdet ihr mit aktuellen Infos versorgt. Lasst uns gerne ein Like da!<\/strong><\/h5>\n<p>&nbsp;<\/p>\n<p>[\/vc_column_text][\/vc_column][\/vc_row]<\/p>\n<\/div>","protected":false},"excerpt":{"rendered":"<p>[vc_row][vc_column][vc_column_text css=&#8220;&#8220;] [\/vc_column_text][vc_column_text css_animation=&#8220;rollIn&#8220; css=&#8220;&#8220;][\/vc_column_text][vc_column_text css_animation=&#8220;flipInX&#8220; css=&#8220;.vc_custom_1758602994012{margin-bottom: 55px !important;}&#8220;] S\u00fc\u00dfer die Tore nicht klingeln&#8230; [\/vc_column_text][vc_column_text css=&#8220;&#8220;] [\/vc_column_text][\/vc_column][\/vc_row][vc_row][vc_column width=&#8220;1\/2&#8243;][vc_text_separator title=&#8220;1. Wochenende 28.11. &#8211; 30.11.&#8220; color=&#8220;black&#8220; css=&#8220;&#8220;][vc_column_text css=&#8220;.vc_custom_1758538325623{margin-bottom: 0px !important;}&#8220;] Freitag, 28.11. [\/vc_column_text][vc_btn title=&#8220;U7 Spielplan&#8220; color=&#8220;primary&#8220; align=&#8220;center&#8220; i_icon_fontawesome=&#8220;fa fa-solid fa-futbol&#8220; css_animation=&#8220;fadeIn&#8220; css=&#8220;&#8220; button_block=&#8220;true&#8220; add_icon=&#8220;true&#8220; link=&#8220;url:https%3A%2F%2Fwww.meinturnierplan.de%2Fshowit.php%3Fid%3D1747553522%26setlang%3Dde|target:_blank&#8220;][vc_column_text css=&#8220;.vc_custom_1758538354106{margin-bottom: 0px !important;}&#8220;] Samstag, 29.11. [\/vc_column_text][vc_btn title=&#8220;U8 Spielplan&#8220; color=&#8220;danger&#8220; align=&#8220;center&#8220; i_icon_fontawesome=&#8220;fa fa-solid&hellip;<\/p>\n","protected":false},"author":1,"featured_media":5459,"parent":0,"menu_order":0,"comment_status":"closed","ping_status":"closed","template":"","meta":{"inline_featured_image":false,"footnotes":""},"class_list":["post-4189","page","type-page","status-publish","has-post-thumbnail","hentry","description-off"],"_links":{"self":[{"href":"https:\/\/www.asvschrems.com\/fussball\/wp-json\/wp\/v2\/pages\/4189","targetHints":{"allow":["GET"]}}],"collection":[{"href":"https:\/\/www.asvschrems.com\/fussball\/wp-json\/wp\/v2\/pages"}],"about":[{"href":"https:\/\/www.asvschrems.com\/fussball\/wp-json\/wp\/v2\/types\/page"}],"author":[{"embeddable":true,"href":"https:\/\/www.asvschrems.com\/fussball\/wp-json\/wp\/v2\/users\/1"}],"replies":[{"embeddable":true,"href":"https:\/\/www.asvschrems.com\/fussball\/wp-json\/wp\/v2\/comments?post=4189"}],"version-history":[{"count":115,"href":"https:\/\/www.asvschrems.com\/fussball\/wp-json\/wp\/v2\/pages\/4189\/revisions"}],"predecessor-version":[{"id":5757,"href":"https:\/\/www.asvschrems.com\/fussball\/wp-json\/wp\/v2\/pages\/4189\/revisions\/5757"}],"wp:featuredmedia":[{"embeddable":true,"href":"https:\/\/www.asvschrems.com\/fussball\/wp-json\/wp\/v2\/media\/5459"}],"wp:attachment":[{"href":"https:\/\/www.asvschrems.com\/fussball\/wp-json\/wp\/v2\/media?parent=4189"}],"curies":[{"name":"wp","href":"https:\/\/api.w.org\/{rel}","templated":true}]}}